{"id":4837,"date":"2025-08-06T12:45:40","date_gmt":"2025-08-06T10:45:40","guid":{"rendered":"https:\/\/weldgam.pl\/?page_id=4837"},"modified":"2025-08-06T12:45:41","modified_gmt":"2025-08-06T10:45:41","slug":"walcowanie-i-giecie-blach-i-ksztaltownikow","status":"publish","type":"page","link":"https:\/\/weldgam.pl\/en\/realizacje\/walcowanie-i-giecie-blach-i-ksztaltownikow\/","title":{"rendered":"Walcowanie i gi\u0119cie blach i kszta\u0142townik\u00f3w"},"content":{"rendered":"<div class=\"wp-block-group wy_page_fiolet\"><div class=\"wp-block-group__inner-container is-layout-constrained wp-block-group-is-layout-constrained\"><div class=\"wp-block-columns container is-layout-flex wp-container-core-columns-is-layout-28f84493 wp-block-columns-is-layout-flex\"><div class=\"wp-block-column is-layout-flow wp-block-column-is-layout-flow\"><h2 class=\"wp-block-heading\">Galeria<\/h2>\n\n<p>Zobacz nasz\u0105 galeri\u0119<\/p>\n\n<figure class=\"wp-block-gallery has-nested-images columns-5 is-cropped wp-block-gallery-1 is-layout-flex wp-block-gallery-is-layout-flex\"><figure class=\"wp-block-image size-large\"><img loading=\"lazy\" decoding=\"async\" width=\"819\" height=\"1024\" data-id=\"4815\" src=\"https:\/\/weldgam.pl\/wp-content\/uploads\/2025\/08\/20220502_131213-1-819x1024.jpg\" alt=\"\" class=\"wp-image-4815\" srcset=\"https:\/\/weldgam.pl\/wp-content\/uploads\/2025\/08\/20220502_131213-1-819x1024.jpg 819w, https:\/\/weldgam.pl\/wp-content\/uploads\/2025\/08\/20220502_131213-1-240x300.jpg 240w, https:\/\/weldgam.pl\/wp-content\/uploads\/2025\/08\/20220502_131213-1-768x960.jpg 768w, https:\/\/weldgam.pl\/wp-content\/uploads\/2025\/08\/20220502_131213-1-50x63.jpg 50w, https:\/\/weldgam.pl\/wp-content\/uploads\/2025\/08\/20220502_131213-1-1600x2001.jpg 1600w, https:\/\/weldgam.pl\/wp-content\/uploads\/2025\/08\/20220502_131213-1-1228x1536.jpg 1228w, https:\/\/weldgam.pl\/wp-content\/uploads\/2025\/08\/20220502_131213-1-1638x2048.jpg 1638w, https:\/\/weldgam.pl\/wp-content\/uploads\/2025\/08\/20220502_131213-1-416x520.jpg 416w, https:\/\/weldgam.pl\/wp-content\/uploads\/2025\/08\/20220502_131213-1.jpg 1920w\" sizes=\"auto, (max-width: 819px) 100vw, 819px\" \/><\/figure>\n\n<figure class=\"wp-block-image size-large\"><img loading=\"lazy\" decoding=\"async\" width=\"1024\" height=\"461\" data-id=\"4816\" src=\"https:\/\/weldgam.pl\/wp-content\/uploads\/2025\/08\/20220605_201159-1024x461.jpg\" alt=\"\" class=\"wp-image-4816\" srcset=\"https:\/\/weldgam.pl\/wp-content\/uploads\/2025\/08\/20220605_201159-1024x461.jpg 1024w, https:\/\/weldgam.pl\/wp-content\/uploads\/2025\/08\/20220605_201159-300x135.jpg 300w, https:\/\/weldgam.pl\/wp-content\/uploads\/2025\/08\/20220605_201159-768x346.jpg 768w, https:\/\/weldgam.pl\/wp-content\/uploads\/2025\/08\/20220605_201159-50x23.jpg 50w, https:\/\/weldgam.pl\/wp-content\/uploads\/2025\/08\/20220605_201159-1600x720.jpg 1600w, https:\/\/weldgam.pl\/wp-content\/uploads\/2025\/08\/20220605_201159-1536x691.jpg 1536w, https:\/\/weldgam.pl\/wp-content\/uploads\/2025\/08\/20220605_201159-416x187.jpg 416w, https:\/\/weldgam.pl\/wp-content\/uploads\/2025\/08\/20220605_201159.jpg 1920w\" sizes=\"auto, (max-width: 1024px) 100vw, 1024px\" \/><\/figure>\n\n<figure class=\"wp-block-image size-large\"><img loading=\"lazy\" decoding=\"async\" width=\"769\" height=\"1024\" data-id=\"4817\" src=\"https:\/\/weldgam.pl\/wp-content\/uploads\/2025\/08\/PXL_20250616_101401538-769x1024.jpg\" alt=\"\" class=\"wp-image-4817\" srcset=\"https:\/\/weldgam.pl\/wp-content\/uploads\/2025\/08\/PXL_20250616_101401538-769x1024.jpg 769w, https:\/\/weldgam.pl\/wp-content\/uploads\/2025\/08\/PXL_20250616_101401538-225x300.jpg 225w, https:\/\/weldgam.pl\/wp-content\/uploads\/2025\/08\/PXL_20250616_101401538-768x1023.jpg 768w, https:\/\/weldgam.pl\/wp-content\/uploads\/2025\/08\/PXL_20250616_101401538-50x67.jpg 50w, https:\/\/weldgam.pl\/wp-content\/uploads\/2025\/08\/PXL_20250616_101401538-1600x2131.jpg 1600w, https:\/\/weldgam.pl\/wp-content\/uploads\/2025\/08\/PXL_20250616_101401538-1153x1536.jpg 1153w, https:\/\/weldgam.pl\/wp-content\/uploads\/2025\/08\/PXL_20250616_101401538-1538x2048.jpg 1538w, https:\/\/weldgam.pl\/wp-content\/uploads\/2025\/08\/PXL_20250616_101401538-416x554.jpg 416w, https:\/\/weldgam.pl\/wp-content\/uploads\/2025\/08\/PXL_20250616_101401538.jpg 1920w\" sizes=\"auto, (max-width: 769px) 100vw, 769px\" \/><\/figure>\n\n<figure class=\"wp-block-image size-large\"><img loading=\"lazy\" decoding=\"async\" width=\"769\" height=\"1024\" data-id=\"4818\" src=\"https:\/\/weldgam.pl\/wp-content\/uploads\/2025\/08\/PXL_20250617_125019223-769x1024.jpg\" alt=\"\" class=\"wp-image-4818\" srcset=\"https:\/\/weldgam.pl\/wp-content\/uploads\/2025\/08\/PXL_20250617_125019223-769x1024.jpg 769w, https:\/\/weldgam.pl\/wp-content\/uploads\/2025\/08\/PXL_20250617_125019223-225x300.jpg 225w, https:\/\/weldgam.pl\/wp-content\/uploads\/2025\/08\/PXL_20250617_125019223-768x1023.jpg 768w, https:\/\/weldgam.pl\/wp-content\/uploads\/2025\/08\/PXL_20250617_125019223-50x67.jpg 50w, https:\/\/weldgam.pl\/wp-content\/uploads\/2025\/08\/PXL_20250617_125019223-1600x2131.jpg 1600w, https:\/\/weldgam.pl\/wp-content\/uploads\/2025\/08\/PXL_20250617_125019223-1153x1536.jpg 1153w, https:\/\/weldgam.pl\/wp-content\/uploads\/2025\/08\/PXL_20250617_125019223-1538x2048.jpg 1538w, https:\/\/weldgam.pl\/wp-content\/uploads\/2025\/08\/PXL_20250617_125019223-416x554.jpg 416w, https:\/\/weldgam.pl\/wp-content\/uploads\/2025\/08\/PXL_20250617_125019223.jpg 1920w\" sizes=\"auto, (max-width: 769px) 100vw, 769px\" \/><\/figure>\n\n<figure class=\"wp-block-image size-large\"><img loading=\"lazy\" decoding=\"async\" width=\"769\" height=\"1024\" data-id=\"4819\" src=\"https:\/\/weldgam.pl\/wp-content\/uploads\/2025\/08\/PXL_20250618_095318767-769x1024.jpg\" alt=\"\" class=\"wp-image-4819\" srcset=\"https:\/\/weldgam.pl\/wp-content\/uploads\/2025\/08\/PXL_20250618_095318767-769x1024.jpg 769w, https:\/\/weldgam.pl\/wp-content\/uploads\/2025\/08\/PXL_20250618_095318767-225x300.jpg 225w, https:\/\/weldgam.pl\/wp-content\/uploads\/2025\/08\/PXL_20250618_095318767-768x1023.jpg 768w, https:\/\/weldgam.pl\/wp-content\/uploads\/2025\/08\/PXL_20250618_095318767-50x67.jpg 50w, https:\/\/weldgam.pl\/wp-content\/uploads\/2025\/08\/PXL_20250618_095318767-1600x2131.jpg 1600w, https:\/\/weldgam.pl\/wp-content\/uploads\/2025\/08\/PXL_20250618_095318767-1153x1536.jpg 1153w, https:\/\/weldgam.pl\/wp-content\/uploads\/2025\/08\/PXL_20250618_095318767-1538x2048.jpg 1538w, https:\/\/weldgam.pl\/wp-content\/uploads\/2025\/08\/PXL_20250618_095318767-416x554.jpg 416w, https:\/\/weldgam.pl\/wp-content\/uploads\/2025\/08\/PXL_20250618_095318767.jpg 1920w\" sizes=\"auto, (max-width: 769px) 100vw, 769px\" \/><\/figure><\/figure><\/div><\/div><\/div><\/div>","protected":false},"excerpt":{"rendered":"<p>Galeria Zobacz nasz\u0105 galeri\u0119<\/p>","protected":false},"author":1,"featured_media":0,"parent":4635,"menu_order":0,"comment_status":"closed","ping_status":"closed","template":"","meta":{"footnotes":""},"class_list":["post-4837","page","type-page","status-publish","hentry"],"yoast_head":"<!-- This site is optimized with the Yoast SEO plugin v25.2 - https:\/\/yoast.com\/wordpress\/plugins\/seo\/ -->\n<title>Walcowanie i gi\u0119cie blach i kszta\u0142townik\u00f3w - Weldgam<\/title>\n<meta name=\"robots\" content=\"index, follow, max-snippet:-1, max-image-preview:large, max-video-preview:-1\" \/>\n<link rel=\"canonical\" href=\"https:\/\/weldgam.pl\/en\/realizacje\/walcowanie-i-giecie-blach-i-ksztaltownikow\/\" \/>\n<meta property=\"og:locale\" content=\"en_GB\" \/>\n<meta property=\"og:type\" content=\"article\" \/>\n<meta property=\"og:title\" content=\"Walcowanie i gi\u0119cie blach i kszta\u0142townik\u00f3w - Weldgam\" \/>\n<meta property=\"og:description\" content=\"Galeria Zobacz nasz\u0105 galeri\u0119\" \/>\n<meta property=\"og:url\" content=\"https:\/\/weldgam.pl\/en\/realizacje\/walcowanie-i-giecie-blach-i-ksztaltownikow\/\" \/>\n<meta property=\"og:site_name\" content=\"Weldgam\" \/>\n<meta property=\"article:modified_time\" content=\"2025-08-06T10:45:41+00:00\" \/>\n<meta property=\"og:image\" content=\"https:\/\/weldgam.pl\/wp-content\/uploads\/2025\/08\/20220502_131213-1.jpg\" \/>\n\t<meta property=\"og:image:width\" content=\"1920\" \/>\n\t<meta property=\"og:image:height\" content=\"2401\" \/>\n\t<meta property=\"og:image:type\" content=\"image\/jpeg\" \/>\n<meta name=\"twitter:card\" content=\"summary_large_image\" \/>\n<meta name=\"twitter:label1\" content=\"Estimated reading time\" \/>\n\t<meta name=\"twitter:data1\" content=\"2 minutes\" \/>\n<script type=\"application\/ld+json\" class=\"yoast-schema-graph\">{\"@context\":\"https:\/\/schema.org\",\"@graph\":[{\"@type\":\"WebPage\",\"@id\":\"https:\/\/weldgam.pl\/realizacje\/walcowanie-i-giecie-blach-i-ksztaltownikow\/\",\"url\":\"https:\/\/weldgam.pl\/realizacje\/walcowanie-i-giecie-blach-i-ksztaltownikow\/\",\"name\":\"Walcowanie i gi\u0119cie blach i kszta\u0142townik\u00f3w - Weldgam\",\"isPartOf\":{\"@id\":\"https:\/\/weldgam.pl\/#website\"},\"primaryImageOfPage\":{\"@id\":\"https:\/\/weldgam.pl\/realizacje\/walcowanie-i-giecie-blach-i-ksztaltownikow\/#primaryimage\"},\"image\":{\"@id\":\"https:\/\/weldgam.pl\/realizacje\/walcowanie-i-giecie-blach-i-ksztaltownikow\/#primaryimage\"},\"thumbnailUrl\":\"https:\/\/weldgam.pl\/wp-content\/uploads\/2025\/08\/20220502_131213-1-819x1024.jpg\",\"datePublished\":\"2025-08-06T10:45:40+00:00\",\"dateModified\":\"2025-08-06T10:45:41+00:00\",\"breadcrumb\":{\"@id\":\"https:\/\/weldgam.pl\/realizacje\/walcowanie-i-giecie-blach-i-ksztaltownikow\/#breadcrumb\"},\"inLanguage\":\"en-GB\",\"potentialAction\":[{\"@type\":\"ReadAction\",\"target\":[\"https:\/\/weldgam.pl\/realizacje\/walcowanie-i-giecie-blach-i-ksztaltownikow\/\"]}]},{\"@type\":\"ImageObject\",\"inLanguage\":\"en-GB\",\"@id\":\"https:\/\/weldgam.pl\/realizacje\/walcowanie-i-giecie-blach-i-ksztaltownikow\/#primaryimage\",\"url\":\"https:\/\/weldgam.pl\/wp-content\/uploads\/2025\/08\/20220502_131213-1-819x1024.jpg\",\"contentUrl\":\"https:\/\/weldgam.pl\/wp-content\/uploads\/2025\/08\/20220502_131213-1-819x1024.jpg\"},{\"@type\":\"BreadcrumbList\",\"@id\":\"https:\/\/weldgam.pl\/realizacje\/walcowanie-i-giecie-blach-i-ksztaltownikow\/#breadcrumb\",\"itemListElement\":[{\"@type\":\"ListItem\",\"position\":1,\"name\":\"Strona g\u0142\u00f3wna\",\"item\":\"https:\/\/weldgam.pl\/\"},{\"@type\":\"ListItem\",\"position\":2,\"name\":\"Realizacje\",\"item\":\"https:\/\/weldgam.pl\/realizacje\/\"},{\"@type\":\"ListItem\",\"position\":3,\"name\":\"Walcowanie i gi\u0119cie blach i kszta\u0142townik\u00f3w\"}]},{\"@type\":\"WebSite\",\"@id\":\"https:\/\/weldgam.pl\/#website\",\"url\":\"https:\/\/weldgam.pl\/\",\"name\":\"Weldgam\",\"description\":\"Spawanie konstrukcji stalowych i instalacji przemys\u0142owych \u2013 kompleksowa obs\u0142uga produkcji\",\"potentialAction\":[{\"@type\":\"SearchAction\",\"target\":{\"@type\":\"EntryPoint\",\"urlTemplate\":\"https:\/\/weldgam.pl\/?s={search_term_string}\"},\"query-input\":{\"@type\":\"PropertyValueSpecification\",\"valueRequired\":true,\"valueName\":\"search_term_string\"}}],\"inLanguage\":\"en-GB\"}]}<\/script>\n<!-- \/ Yoast SEO plugin. -->","yoast_head_json":{"title":"Walcowanie i gi\u0119cie blach i kszta\u0142townik\u00f3w - Weldgam","robots":{"index":"index","follow":"follow","max-snippet":"max-snippet:-1","max-image-preview":"max-image-preview:large","max-video-preview":"max-video-preview:-1"},"canonical":"https:\/\/weldgam.pl\/en\/realizacje\/walcowanie-i-giecie-blach-i-ksztaltownikow\/","og_locale":"en_GB","og_type":"article","og_title":"Walcowanie i gi\u0119cie blach i kszta\u0142townik\u00f3w - Weldgam","og_description":"Galeria Zobacz nasz\u0105 galeri\u0119","og_url":"https:\/\/weldgam.pl\/en\/realizacje\/walcowanie-i-giecie-blach-i-ksztaltownikow\/","og_site_name":"Weldgam","article_modified_time":"2025-08-06T10:45:41+00:00","og_image":[{"width":1920,"height":2401,"url":"https:\/\/weldgam.pl\/wp-content\/uploads\/2025\/08\/20220502_131213-1.jpg","type":"image\/jpeg"}],"twitter_card":"summary_large_image","twitter_misc":{"Estimated reading time":"2 minutes"},"schema":{"@context":"https:\/\/schema.org","@graph":[{"@type":"WebPage","@id":"https:\/\/weldgam.pl\/realizacje\/walcowanie-i-giecie-blach-i-ksztaltownikow\/","url":"https:\/\/weldgam.pl\/realizacje\/walcowanie-i-giecie-blach-i-ksztaltownikow\/","name":"Walcowanie i gi\u0119cie blach i kszta\u0142townik\u00f3w - Weldgam","isPartOf":{"@id":"https:\/\/weldgam.pl\/#website"},"primaryImageOfPage":{"@id":"https:\/\/weldgam.pl\/realizacje\/walcowanie-i-giecie-blach-i-ksztaltownikow\/#primaryimage"},"image":{"@id":"https:\/\/weldgam.pl\/realizacje\/walcowanie-i-giecie-blach-i-ksztaltownikow\/#primaryimage"},"thumbnailUrl":"https:\/\/weldgam.pl\/wp-content\/uploads\/2025\/08\/20220502_131213-1-819x1024.jpg","datePublished":"2025-08-06T10:45:40+00:00","dateModified":"2025-08-06T10:45:41+00:00","breadcrumb":{"@id":"https:\/\/weldgam.pl\/realizacje\/walcowanie-i-giecie-blach-i-ksztaltownikow\/#breadcrumb"},"inLanguage":"en-GB","potentialAction":[{"@type":"ReadAction","target":["https:\/\/weldgam.pl\/realizacje\/walcowanie-i-giecie-blach-i-ksztaltownikow\/"]}]},{"@type":"ImageObject","inLanguage":"en-GB","@id":"https:\/\/weldgam.pl\/realizacje\/walcowanie-i-giecie-blach-i-ksztaltownikow\/#primaryimage","url":"https:\/\/weldgam.pl\/wp-content\/uploads\/2025\/08\/20220502_131213-1-819x1024.jpg","contentUrl":"https:\/\/weldgam.pl\/wp-content\/uploads\/2025\/08\/20220502_131213-1-819x1024.jpg"},{"@type":"BreadcrumbList","@id":"https:\/\/weldgam.pl\/realizacje\/walcowanie-i-giecie-blach-i-ksztaltownikow\/#breadcrumb","itemListElement":[{"@type":"ListItem","position":1,"name":"Strona g\u0142\u00f3wna","item":"https:\/\/weldgam.pl\/"},{"@type":"ListItem","position":2,"name":"Realizacje","item":"https:\/\/weldgam.pl\/realizacje\/"},{"@type":"ListItem","position":3,"name":"Walcowanie i gi\u0119cie blach i kszta\u0142townik\u00f3w"}]},{"@type":"WebSite","@id":"https:\/\/weldgam.pl\/#website","url":"https:\/\/weldgam.pl\/","name":"Weldgam","description":"Spawanie konstrukcji stalowych i instalacji przemys\u0142owych \u2013 kompleksowa obs\u0142uga produkcji","potentialAction":[{"@type":"SearchAction","target":{"@type":"EntryPoint","urlTemplate":"https:\/\/weldgam.pl\/?s={search_term_string}"},"query-input":{"@type":"PropertyValueSpecification","valueRequired":true,"valueName":"search_term_string"}}],"inLanguage":"en-GB"}]}},"_links":{"self":[{"href":"https:\/\/weldgam.pl\/en\/wp-json\/wp\/v2\/pages\/4837","targetHints":{"allow":["GET"]}}],"collection":[{"href":"https:\/\/weldgam.pl\/en\/wp-json\/wp\/v2\/pages"}],"about":[{"href":"https:\/\/weldgam.pl\/en\/wp-json\/wp\/v2\/types\/page"}],"author":[{"embeddable":true,"href":"https:\/\/weldgam.pl\/en\/wp-json\/wp\/v2\/users\/1"}],"replies":[{"embeddable":true,"href":"https:\/\/weldgam.pl\/en\/wp-json\/wp\/v2\/comments?post=4837"}],"version-history":[{"count":1,"href":"https:\/\/weldgam.pl\/en\/wp-json\/wp\/v2\/pages\/4837\/revisions"}],"predecessor-version":[{"id":4846,"href":"https:\/\/weldgam.pl\/en\/wp-json\/wp\/v2\/pages\/4837\/revisions\/4846"}],"up":[{"embeddable":true,"href":"https:\/\/weldgam.pl\/en\/wp-json\/wp\/v2\/pages\/4635"}],"wp:attachment":[{"href":"https:\/\/weldgam.pl\/en\/wp-json\/wp\/v2\/media?parent=4837"}],"curies":[{"name":"wp","href":"https:\/\/api.w.org\/{rel}","templated":true}]}}