{"id":4638,"date":"2025-07-18T12:57:05","date_gmt":"2025-07-18T10:57:05","guid":{"rendered":"https:\/\/weldgam.pl\/?page_id=4638"},"modified":"2025-08-06T13:02:01","modified_gmt":"2025-08-06T11:02:01","slug":"nasza-oferta","status":"publish","type":"page","link":"https:\/\/weldgam.pl\/en\/nasza-oferta\/","title":{"rendered":"NASZA OFERTA"},"content":{"rendered":"<div class=\"wp-block-group\"><div class=\"wp-block-group__inner-container is-layout-constrained wp-block-group-is-layout-constrained\"><div class=\"wp-block-columns container is-layout-flex wp-container-core-columns-is-layout-28f84493 wp-block-columns-is-layout-flex\"><div class=\"wp-block-column is-layout-flow wp-block-column-is-layout-flow\"><h2 class=\"wp-block-heading\">Kompleksowe us\u0142ugi dla przemys\u0142u \u2013 od spawania po kompletne instalacje<\/h2>\n\n<p>WELDGAM oferuje kompleksowy zakres us\u0142ug w zakresie obr\u00f3bki stali, instalacji technologicznych i prefabrykacji konstrukcji stalowych. Realizujemy inwestycje przemys\u0142owe dla firm produkcyjnych z Polski i zagranicy \u2013 od ci\u0119cia i spawania blach po monta\u017c linii produkcyjnych i zbiornik\u00f3w przemys\u0142owych.<\/p>\n\n<p><strong>Nasze us\u0142ugi s\u0105 skierowane do bran\u017c takich jak:<\/strong><\/p>\n\n<ul class=\"wp-block-list\"><li>przemys\u0142 kosmetyczny,<\/li>\n\n<li>spo\u017cywczy,<\/li>\n\n<li>farmaceutyczny,<\/li>\n\n<li>chemiczny i energetyczny.<\/li><\/ul>\n\n<p>Dzia\u0142amy w oparciu o nowoczesne zaplecze techniczne oraz do\u015bwiadczony zesp\u00f3\u0142 in\u017cynier\u00f3w i spawaczy.<\/p><\/div>\n\n<div class=\"wp-block-column is-layout-flow wp-block-column-is-layout-flow\"><figure class=\"wp-block-image size-large\"><img loading=\"lazy\" decoding=\"async\" width=\"683\" height=\"1024\" src=\"https:\/\/weldgam.pl\/wp-content\/uploads\/2025\/08\/monter1-683x1024.jpg\" alt=\"\" class=\"wp-image-4721\" srcset=\"https:\/\/weldgam.pl\/wp-content\/uploads\/2025\/08\/monter1-683x1024.jpg 683w, https:\/\/weldgam.pl\/wp-content\/uploads\/2025\/08\/monter1-200x300.jpg 200w, https:\/\/weldgam.pl\/wp-content\/uploads\/2025\/08\/monter1-768x1152.jpg 768w, https:\/\/weldgam.pl\/wp-content\/uploads\/2025\/08\/monter1-50x75.jpg 50w, https:\/\/weldgam.pl\/wp-content\/uploads\/2025\/08\/monter1-416x624.jpg 416w, https:\/\/weldgam.pl\/wp-content\/uploads\/2025\/08\/monter1.jpg 1000w\" sizes=\"auto, (max-width: 683px) 100vw, 683px\" \/><\/figure><\/div><\/div><\/div><\/div><div class=\"wp-block-group wy_page_fiolet\"><div class=\"wp-block-group__inner-container is-layout-constrained wp-block-group-is-layout-constrained\"><div class=\"wp-block-columns container is-layout-flex wp-container-core-columns-is-layout-28f84493 wp-block-columns-is-layout-flex\"><div class=\"wp-block-column is-layout-flow wp-block-column-is-layout-flow\"><h2 class=\"wp-block-heading\">W czym mo\u017cemy Ci pom\u00f3c?<\/h2>\n\n<div class=\"wp-block-columns is-layout-flex wp-container-core-columns-is-layout-28f84493 wp-block-columns-is-layout-flex\"><div class=\"wp-block-column is-layout-flow wp-block-column-is-layout-flow\"><figure class=\"wp-block-image size-full\"><a href=\"https:\/\/weldgam.pl\/en\/nasza-oferta\/instalacje-przemyslowe-i-relokacje-maszyn\/\"><img loading=\"lazy\" decoding=\"async\" width=\"1024\" height=\"1024\" src=\"https:\/\/weldgam.pl\/wp-content\/uploads\/2025\/08\/instalacje-obrobione1.png\" alt=\"\" class=\"wp-image-4742\" srcset=\"https:\/\/weldgam.pl\/wp-content\/uploads\/2025\/08\/instalacje-obrobione1.png 1024w, https:\/\/weldgam.pl\/wp-content\/uploads\/2025\/08\/instalacje-obrobione1-300x300.png 300w, https:\/\/weldgam.pl\/wp-content\/uploads\/2025\/08\/instalacje-obrobione1-150x150.png 150w, https:\/\/weldgam.pl\/wp-content\/uploads\/2025\/08\/instalacje-obrobione1-768x768.png 768w, https:\/\/weldgam.pl\/wp-content\/uploads\/2025\/08\/instalacje-obrobione1-50x50.png 50w, https:\/\/weldgam.pl\/wp-content\/uploads\/2025\/08\/instalacje-obrobione1-324x324.png 324w, https:\/\/weldgam.pl\/wp-content\/uploads\/2025\/08\/instalacje-obrobione1-416x416.png 416w, https:\/\/weldgam.pl\/wp-content\/uploads\/2025\/08\/instalacje-obrobione1-100x100.png 100w\" sizes=\"auto, (max-width: 1024px) 100vw, 1024px\" \/><\/a><\/figure>\n\n<p class=\"has-text-align-center\"><a href=\"https:\/\/weldgam.pl\/en\/nasza-oferta\/instalacje-przemyslowe-i-relokacje-maszyn\/\">Instalacje przemys\u0142owe i relokacje maszyn<\/a><\/p><\/div>\n\n<div class=\"wp-block-column is-layout-flow wp-block-column-is-layout-flow\"><figure class=\"wp-block-image size-full\"><a href=\"https:\/\/weldgam.pl\/en\/nasza-oferta\/konstrukcje-stalowe-i-elementy-bhp\/\"><img loading=\"lazy\" decoding=\"async\" width=\"1024\" height=\"1024\" src=\"https:\/\/weldgam.pl\/wp-content\/uploads\/2025\/08\/konstrukcje-stalowe1.png\" alt=\"\" class=\"wp-image-4743\" srcset=\"https:\/\/weldgam.pl\/wp-content\/uploads\/2025\/08\/konstrukcje-stalowe1.png 1024w, https:\/\/weldgam.pl\/wp-content\/uploads\/2025\/08\/konstrukcje-stalowe1-300x300.png 300w, https:\/\/weldgam.pl\/wp-content\/uploads\/2025\/08\/konstrukcje-stalowe1-150x150.png 150w, https:\/\/weldgam.pl\/wp-content\/uploads\/2025\/08\/konstrukcje-stalowe1-768x768.png 768w, https:\/\/weldgam.pl\/wp-content\/uploads\/2025\/08\/konstrukcje-stalowe1-50x50.png 50w, https:\/\/weldgam.pl\/wp-content\/uploads\/2025\/08\/konstrukcje-stalowe1-324x324.png 324w, https:\/\/weldgam.pl\/wp-content\/uploads\/2025\/08\/konstrukcje-stalowe1-416x416.png 416w, https:\/\/weldgam.pl\/wp-content\/uploads\/2025\/08\/konstrukcje-stalowe1-100x100.png 100w\" sizes=\"auto, (max-width: 1024px) 100vw, 1024px\" \/><\/a><\/figure>\n\n<p class=\"has-text-align-center\"><a href=\"https:\/\/weldgam.pl\/en\/nasza-oferta\/konstrukcje-stalowe-i-elementy-bhp\/\">Konstrukcje stalowe i elementy BHP<\/a><\/p><\/div>\n\n<div class=\"wp-block-column is-layout-flow wp-block-column-is-layout-flow\"><figure class=\"wp-block-image size-full\"><a href=\"https:\/\/weldgam.pl\/en\/nasza-oferta\/produkcja-zbiornikow\/\"><img loading=\"lazy\" decoding=\"async\" width=\"1024\" height=\"1024\" src=\"https:\/\/weldgam.pl\/wp-content\/uploads\/2025\/08\/zbiornik1.png\" alt=\"\" class=\"wp-image-4748\" srcset=\"https:\/\/weldgam.pl\/wp-content\/uploads\/2025\/08\/zbiornik1.png 1024w, https:\/\/weldgam.pl\/wp-content\/uploads\/2025\/08\/zbiornik1-300x300.png 300w, https:\/\/weldgam.pl\/wp-content\/uploads\/2025\/08\/zbiornik1-150x150.png 150w, https:\/\/weldgam.pl\/wp-content\/uploads\/2025\/08\/zbiornik1-768x768.png 768w, https:\/\/weldgam.pl\/wp-content\/uploads\/2025\/08\/zbiornik1-50x50.png 50w, https:\/\/weldgam.pl\/wp-content\/uploads\/2025\/08\/zbiornik1-324x324.png 324w, https:\/\/weldgam.pl\/wp-content\/uploads\/2025\/08\/zbiornik1-416x416.png 416w, https:\/\/weldgam.pl\/wp-content\/uploads\/2025\/08\/zbiornik1-100x100.png 100w\" sizes=\"auto, (max-width: 1024px) 100vw, 1024px\" \/><\/a><\/figure>\n\n<p class=\"has-text-align-center\"><a href=\"https:\/\/weldgam.pl\/en\/nasza-oferta\/produkcja-zbiornikow\/\">Produkcja zbiornik\u00f3w<\/a><\/p><\/div>\n\n<div class=\"wp-block-column is-layout-flow wp-block-column-is-layout-flow\"><figure class=\"wp-block-image size-full\"><a href=\"https:\/\/weldgam.pl\/en\/nasza-oferta\/projekty-niestandardowe\/\"><img loading=\"lazy\" decoding=\"async\" width=\"1024\" height=\"1024\" src=\"https:\/\/weldgam.pl\/wp-content\/uploads\/2025\/08\/niestandardowe1.png\" alt=\"\" class=\"wp-image-4744\" srcset=\"https:\/\/weldgam.pl\/wp-content\/uploads\/2025\/08\/niestandardowe1.png 1024w, https:\/\/weldgam.pl\/wp-content\/uploads\/2025\/08\/niestandardowe1-300x300.png 300w, https:\/\/weldgam.pl\/wp-content\/uploads\/2025\/08\/niestandardowe1-150x150.png 150w, https:\/\/weldgam.pl\/wp-content\/uploads\/2025\/08\/niestandardowe1-768x768.png 768w, https:\/\/weldgam.pl\/wp-content\/uploads\/2025\/08\/niestandardowe1-50x50.png 50w, https:\/\/weldgam.pl\/wp-content\/uploads\/2025\/08\/niestandardowe1-324x324.png 324w, https:\/\/weldgam.pl\/wp-content\/uploads\/2025\/08\/niestandardowe1-416x416.png 416w, https:\/\/weldgam.pl\/wp-content\/uploads\/2025\/08\/niestandardowe1-100x100.png 100w\" sizes=\"auto, (max-width: 1024px) 100vw, 1024px\" \/><\/a><\/figure>\n\n<p class=\"has-text-align-center\"><a href=\"https:\/\/weldgam.pl\/en\/nasza-oferta\/projekty-niestandardowe\/\">Projekty niestandardowe<\/a><\/p><\/div><\/div>\n\n<div class=\"wp-block-columns is-layout-flex wp-container-core-columns-is-layout-28f84493 wp-block-columns-is-layout-flex\"><div class=\"wp-block-column is-layout-flow wp-block-column-is-layout-flow\"><figure class=\"wp-block-image size-full\"><img loading=\"lazy\" decoding=\"async\" width=\"1024\" height=\"1024\" src=\"https:\/\/weldgam.pl\/wp-content\/uploads\/2025\/08\/spawanie-przemyslowe1.png\" alt=\"\" class=\"wp-image-4745\" srcset=\"https:\/\/weldgam.pl\/wp-content\/uploads\/2025\/08\/spawanie-przemyslowe1.png 1024w, https:\/\/weldgam.pl\/wp-content\/uploads\/2025\/08\/spawanie-przemyslowe1-300x300.png 300w, https:\/\/weldgam.pl\/wp-content\/uploads\/2025\/08\/spawanie-przemyslowe1-150x150.png 150w, https:\/\/weldgam.pl\/wp-content\/uploads\/2025\/08\/spawanie-przemyslowe1-768x768.png 768w, https:\/\/weldgam.pl\/wp-content\/uploads\/2025\/08\/spawanie-przemyslowe1-50x50.png 50w, https:\/\/weldgam.pl\/wp-content\/uploads\/2025\/08\/spawanie-przemyslowe1-324x324.png 324w, https:\/\/weldgam.pl\/wp-content\/uploads\/2025\/08\/spawanie-przemyslowe1-416x416.png 416w, https:\/\/weldgam.pl\/wp-content\/uploads\/2025\/08\/spawanie-przemyslowe1-100x100.png 100w\" sizes=\"auto, (max-width: 1024px) 100vw, 1024px\" \/><\/figure>\n\n<p class=\"has-text-align-center\"><a href=\"https:\/\/weldgam.pl\/en\/nasza-oferta\/spawanie-przemyslowe\/\">Spawanie przemys\u0142owe<\/a><\/p><\/div>\n\n<div class=\"wp-block-column is-layout-flow wp-block-column-is-layout-flow\"><figure class=\"wp-block-image size-large\"><a href=\"https:\/\/weldgam.pl\/en\/nasza-oferta\/utrzymanie-ruchu\/\"><img loading=\"lazy\" decoding=\"async\" width=\"1024\" height=\"1024\" src=\"https:\/\/weldgam.pl\/wp-content\/uploads\/woocommerce-placeholder-1024x1024.png\" alt=\"\" class=\"wp-image-4456\" srcset=\"https:\/\/weldgam.pl\/wp-content\/uploads\/woocommerce-placeholder-1024x1024.png 1024w, https:\/\/weldgam.pl\/wp-content\/uploads\/woocommerce-placeholder-324x324.png 324w, https:\/\/weldgam.pl\/wp-content\/uploads\/woocommerce-placeholder-100x100.png 100w, https:\/\/weldgam.pl\/wp-content\/uploads\/woocommerce-placeholder-416x416.png 416w, https:\/\/weldgam.pl\/wp-content\/uploads\/woocommerce-placeholder-300x300.png 300w, https:\/\/weldgam.pl\/wp-content\/uploads\/woocommerce-placeholder-150x150.png 150w, https:\/\/weldgam.pl\/wp-content\/uploads\/woocommerce-placeholder-768x768.png 768w, https:\/\/weldgam.pl\/wp-content\/uploads\/woocommerce-placeholder-50x50.png 50w, https:\/\/weldgam.pl\/wp-content\/uploads\/woocommerce-placeholder.png 1200w\" sizes=\"auto, (max-width: 1024px) 100vw, 1024px\" \/><\/a><\/figure>\n\n<p class=\"has-text-align-center\"><a href=\"https:\/\/weldgam.pl\/en\/nasza-oferta\/utrzymanie-ruchu\/\">Utrzymanie ruchu<\/a><\/p><\/div>\n\n<div class=\"wp-block-column is-layout-flow wp-block-column-is-layout-flow\"><figure class=\"wp-block-image size-full\"><a href=\"https:\/\/weldgam.pl\/en\/nasza-oferta\/walcowanie-i-giecie-blach-i-ksztaltownikow\/\"><img loading=\"lazy\" decoding=\"async\" width=\"1024\" height=\"1024\" src=\"https:\/\/weldgam.pl\/wp-content\/uploads\/2025\/08\/walcowanie1.png\" alt=\"\" class=\"wp-image-4746\" srcset=\"https:\/\/weldgam.pl\/wp-content\/uploads\/2025\/08\/walcowanie1.png 1024w, https:\/\/weldgam.pl\/wp-content\/uploads\/2025\/08\/walcowanie1-300x300.png 300w, https:\/\/weldgam.pl\/wp-content\/uploads\/2025\/08\/walcowanie1-150x150.png 150w, https:\/\/weldgam.pl\/wp-content\/uploads\/2025\/08\/walcowanie1-768x768.png 768w, https:\/\/weldgam.pl\/wp-content\/uploads\/2025\/08\/walcowanie1-50x50.png 50w, https:\/\/weldgam.pl\/wp-content\/uploads\/2025\/08\/walcowanie1-324x324.png 324w, https:\/\/weldgam.pl\/wp-content\/uploads\/2025\/08\/walcowanie1-416x416.png 416w, https:\/\/weldgam.pl\/wp-content\/uploads\/2025\/08\/walcowanie1-100x100.png 100w\" sizes=\"auto, (max-width: 1024px) 100vw, 1024px\" \/><\/a><\/figure>\n\n<p class=\"has-text-align-center\"><a href=\"https:\/\/weldgam.pl\/en\/nasza-oferta\/walcowanie-i-giecie-blach-i-ksztaltownikow\/\">Walcowanie i gi\u0119cie blach i kszta\u0142townik\u00f3w<\/a><\/p><\/div>\n\n<div class=\"wp-block-column is-layout-flow wp-block-column-is-layout-flow\"><figure class=\"wp-block-image size-full\"><a href=\"https:\/\/weldgam.pl\/en\/nasza-oferta\/wypalanie-laserowe-blach\/\"><img loading=\"lazy\" decoding=\"async\" width=\"1024\" height=\"1024\" src=\"https:\/\/weldgam.pl\/wp-content\/uploads\/2025\/08\/wypalanie1.png\" alt=\"\" class=\"wp-image-4747\" srcset=\"https:\/\/weldgam.pl\/wp-content\/uploads\/2025\/08\/wypalanie1.png 1024w, https:\/\/weldgam.pl\/wp-content\/uploads\/2025\/08\/wypalanie1-300x300.png 300w, https:\/\/weldgam.pl\/wp-content\/uploads\/2025\/08\/wypalanie1-150x150.png 150w, https:\/\/weldgam.pl\/wp-content\/uploads\/2025\/08\/wypalanie1-768x768.png 768w, https:\/\/weldgam.pl\/wp-content\/uploads\/2025\/08\/wypalanie1-50x50.png 50w, https:\/\/weldgam.pl\/wp-content\/uploads\/2025\/08\/wypalanie1-324x324.png 324w, https:\/\/weldgam.pl\/wp-content\/uploads\/2025\/08\/wypalanie1-416x416.png 416w, https:\/\/weldgam.pl\/wp-content\/uploads\/2025\/08\/wypalanie1-100x100.png 100w\" sizes=\"auto, (max-width: 1024px) 100vw, 1024px\" \/><\/a><\/figure>\n\n<p class=\"has-text-align-center\"><a href=\"https:\/\/weldgam.pl\/en\/nasza-oferta\/wypalanie-laserowe-blach\/\">Wypalanie laserowe blach<\/a><\/p><\/div><\/div><\/div><\/div><\/div><\/div><p><\/p>","protected":false},"excerpt":{"rendered":"<p>Kompleksowe us\u0142ugi dla przemys\u0142u \u2013 od spawania po kompletne instalacje WELDGAM oferuje kompleksowy zakres us\u0142ug w zakresie obr\u00f3bki stali, instalacji technologicznych i prefabrykacji konstrukcji stalowych. Realizujemy inwestycje przemys\u0142owe dla firm produkcyjnych z Polski i zagranicy \u2013 od ci\u0119cia i spawania blach po monta\u017c linii produkcyjnych i zbiornik\u00f3w przemys\u0142owych. Nasze us\u0142ugi s\u0105 skierowane do bran\u017c takich [&hellip;]<\/p>","protected":false},"author":1,"featured_media":0,"parent":0,"menu_order":0,"comment_status":"closed","ping_status":"closed","template":"","meta":{"footnotes":""},"class_list":["post-4638","page","type-page","status-publish","hentry"],"yoast_head":"<!-- This site is optimized with the Yoast SEO plugin v25.2 - https:\/\/yoast.com\/wordpress\/plugins\/seo\/ -->\n<title>NASZA OFERTA - Weldgam<\/title>\n<meta name=\"robots\" content=\"index, follow, max-snippet:-1, max-image-preview:large, max-video-preview:-1\" \/>\n<link rel=\"canonical\" href=\"https:\/\/weldgam.pl\/en\/nasza-oferta\/\" \/>\n<meta property=\"og:locale\" content=\"en_GB\" \/>\n<meta property=\"og:type\" content=\"article\" \/>\n<meta property=\"og:title\" content=\"NASZA OFERTA - Weldgam\" \/>\n<meta property=\"og:description\" content=\"Kompleksowe us\u0142ugi dla przemys\u0142u \u2013 od spawania po kompletne instalacje WELDGAM oferuje kompleksowy zakres us\u0142ug w zakresie obr\u00f3bki stali, instalacji technologicznych i prefabrykacji konstrukcji stalowych. Realizujemy inwestycje przemys\u0142owe dla firm produkcyjnych z Polski i zagranicy \u2013 od ci\u0119cia i spawania blach po monta\u017c linii produkcyjnych i zbiornik\u00f3w przemys\u0142owych. Nasze us\u0142ugi s\u0105 skierowane do bran\u017c takich [&hellip;]\" \/>\n<meta property=\"og:url\" content=\"https:\/\/weldgam.pl\/en\/nasza-oferta\/\" \/>\n<meta property=\"og:site_name\" content=\"Weldgam\" \/>\n<meta property=\"article:modified_time\" content=\"2025-08-06T11:02:01+00:00\" \/>\n<meta property=\"og:image\" content=\"https:\/\/weldgam.pl\/wp-content\/uploads\/2025\/08\/monter1.jpg\" \/>\n\t<meta property=\"og:image:width\" content=\"1000\" \/>\n\t<meta property=\"og:image:height\" content=\"1500\" \/>\n\t<meta property=\"og:image:type\" content=\"image\/jpeg\" \/>\n<meta name=\"twitter:card\" content=\"summary_large_image\" \/>\n<meta name=\"twitter:label1\" content=\"Estimated reading time\" \/>\n\t<meta name=\"twitter:data1\" content=\"3 minutes\" \/>\n<script type=\"application\/ld+json\" class=\"yoast-schema-graph\">{\"@context\":\"https:\/\/schema.org\",\"@graph\":[{\"@type\":\"WebPage\",\"@id\":\"https:\/\/weldgam.pl\/nasza-oferta\/\",\"url\":\"https:\/\/weldgam.pl\/nasza-oferta\/\",\"name\":\"NASZA OFERTA - Weldgam\",\"isPartOf\":{\"@id\":\"https:\/\/weldgam.pl\/#website\"},\"primaryImageOfPage\":{\"@id\":\"https:\/\/weldgam.pl\/nasza-oferta\/#primaryimage\"},\"image\":{\"@id\":\"https:\/\/weldgam.pl\/nasza-oferta\/#primaryimage\"},\"thumbnailUrl\":\"https:\/\/weldgam.pl\/wp-content\/uploads\/2025\/08\/monter1-683x1024.jpg\",\"datePublished\":\"2025-07-18T10:57:05+00:00\",\"dateModified\":\"2025-08-06T11:02:01+00:00\",\"breadcrumb\":{\"@id\":\"https:\/\/weldgam.pl\/nasza-oferta\/#breadcrumb\"},\"inLanguage\":\"en-GB\",\"potentialAction\":[{\"@type\":\"ReadAction\",\"target\":[\"https:\/\/weldgam.pl\/nasza-oferta\/\"]}]},{\"@type\":\"ImageObject\",\"inLanguage\":\"en-GB\",\"@id\":\"https:\/\/weldgam.pl\/nasza-oferta\/#primaryimage\",\"url\":\"https:\/\/weldgam.pl\/wp-content\/uploads\/2025\/08\/monter1-683x1024.jpg\",\"contentUrl\":\"https:\/\/weldgam.pl\/wp-content\/uploads\/2025\/08\/monter1-683x1024.jpg\"},{\"@type\":\"BreadcrumbList\",\"@id\":\"https:\/\/weldgam.pl\/nasza-oferta\/#breadcrumb\",\"itemListElement\":[{\"@type\":\"ListItem\",\"position\":1,\"name\":\"Strona g\u0142\u00f3wna\",\"item\":\"https:\/\/weldgam.pl\/\"},{\"@type\":\"ListItem\",\"position\":2,\"name\":\"NASZA OFERTA\"}]},{\"@type\":\"WebSite\",\"@id\":\"https:\/\/weldgam.pl\/#website\",\"url\":\"https:\/\/weldgam.pl\/\",\"name\":\"Weldgam\",\"description\":\"Spawanie konstrukcji stalowych i instalacji przemys\u0142owych \u2013 kompleksowa obs\u0142uga produkcji\",\"potentialAction\":[{\"@type\":\"SearchAction\",\"target\":{\"@type\":\"EntryPoint\",\"urlTemplate\":\"https:\/\/weldgam.pl\/?s={search_term_string}\"},\"query-input\":{\"@type\":\"PropertyValueSpecification\",\"valueRequired\":true,\"valueName\":\"search_term_string\"}}],\"inLanguage\":\"en-GB\"}]}<\/script>\n<!-- \/ Yoast SEO plugin. -->","yoast_head_json":{"title":"NASZA OFERTA - Weldgam","robots":{"index":"index","follow":"follow","max-snippet":"max-snippet:-1","max-image-preview":"max-image-preview:large","max-video-preview":"max-video-preview:-1"},"canonical":"https:\/\/weldgam.pl\/en\/nasza-oferta\/","og_locale":"en_GB","og_type":"article","og_title":"NASZA OFERTA - Weldgam","og_description":"Kompleksowe us\u0142ugi dla przemys\u0142u \u2013 od spawania po kompletne instalacje WELDGAM oferuje kompleksowy zakres us\u0142ug w zakresie obr\u00f3bki stali, instalacji technologicznych i prefabrykacji konstrukcji stalowych. Realizujemy inwestycje przemys\u0142owe dla firm produkcyjnych z Polski i zagranicy \u2013 od ci\u0119cia i spawania blach po monta\u017c linii produkcyjnych i zbiornik\u00f3w przemys\u0142owych. Nasze us\u0142ugi s\u0105 skierowane do bran\u017c takich [&hellip;]","og_url":"https:\/\/weldgam.pl\/en\/nasza-oferta\/","og_site_name":"Weldgam","article_modified_time":"2025-08-06T11:02:01+00:00","og_image":[{"width":1000,"height":1500,"url":"https:\/\/weldgam.pl\/wp-content\/uploads\/2025\/08\/monter1.jpg","type":"image\/jpeg"}],"twitter_card":"summary_large_image","twitter_misc":{"Estimated reading time":"3 minutes"},"schema":{"@context":"https:\/\/schema.org","@graph":[{"@type":"WebPage","@id":"https:\/\/weldgam.pl\/nasza-oferta\/","url":"https:\/\/weldgam.pl\/nasza-oferta\/","name":"NASZA OFERTA - Weldgam","isPartOf":{"@id":"https:\/\/weldgam.pl\/#website"},"primaryImageOfPage":{"@id":"https:\/\/weldgam.pl\/nasza-oferta\/#primaryimage"},"image":{"@id":"https:\/\/weldgam.pl\/nasza-oferta\/#primaryimage"},"thumbnailUrl":"https:\/\/weldgam.pl\/wp-content\/uploads\/2025\/08\/monter1-683x1024.jpg","datePublished":"2025-07-18T10:57:05+00:00","dateModified":"2025-08-06T11:02:01+00:00","breadcrumb":{"@id":"https:\/\/weldgam.pl\/nasza-oferta\/#breadcrumb"},"inLanguage":"en-GB","potentialAction":[{"@type":"ReadAction","target":["https:\/\/weldgam.pl\/nasza-oferta\/"]}]},{"@type":"ImageObject","inLanguage":"en-GB","@id":"https:\/\/weldgam.pl\/nasza-oferta\/#primaryimage","url":"https:\/\/weldgam.pl\/wp-content\/uploads\/2025\/08\/monter1-683x1024.jpg","contentUrl":"https:\/\/weldgam.pl\/wp-content\/uploads\/2025\/08\/monter1-683x1024.jpg"},{"@type":"BreadcrumbList","@id":"https:\/\/weldgam.pl\/nasza-oferta\/#breadcrumb","itemListElement":[{"@type":"ListItem","position":1,"name":"Strona g\u0142\u00f3wna","item":"https:\/\/weldgam.pl\/"},{"@type":"ListItem","position":2,"name":"NASZA OFERTA"}]},{"@type":"WebSite","@id":"https:\/\/weldgam.pl\/#website","url":"https:\/\/weldgam.pl\/","name":"Weldgam","description":"Spawanie konstrukcji stalowych i instalacji przemys\u0142owych \u2013 kompleksowa obs\u0142uga produkcji","potentialAction":[{"@type":"SearchAction","target":{"@type":"EntryPoint","urlTemplate":"https:\/\/weldgam.pl\/?s={search_term_string}"},"query-input":{"@type":"PropertyValueSpecification","valueRequired":true,"valueName":"search_term_string"}}],"inLanguage":"en-GB"}]}},"_links":{"self":[{"href":"https:\/\/weldgam.pl\/en\/wp-json\/wp\/v2\/pages\/4638","targetHints":{"allow":["GET"]}}],"collection":[{"href":"https:\/\/weldgam.pl\/en\/wp-json\/wp\/v2\/pages"}],"about":[{"href":"https:\/\/weldgam.pl\/en\/wp-json\/wp\/v2\/types\/page"}],"author":[{"embeddable":true,"href":"https:\/\/weldgam.pl\/en\/wp-json\/wp\/v2\/users\/1"}],"replies":[{"embeddable":true,"href":"https:\/\/weldgam.pl\/en\/wp-json\/wp\/v2\/comments?post=4638"}],"version-history":[{"count":12,"href":"https:\/\/weldgam.pl\/en\/wp-json\/wp\/v2\/pages\/4638\/revisions"}],"predecessor-version":[{"id":4849,"href":"https:\/\/weldgam.pl\/en\/wp-json\/wp\/v2\/pages\/4638\/revisions\/4849"}],"wp:attachment":[{"href":"https:\/\/weldgam.pl\/en\/wp-json\/wp\/v2\/media?parent=4638"}],"curies":[{"name":"wp","href":"https:\/\/api.w.org\/{rel}","templated":true}]}}