{"id":4400,"date":"2024-04-18T21:15:10","date_gmt":"2024-04-18T19:15:10","guid":{"rendered":"https:\/\/weldgam.pl\/?page_id=4400"},"modified":"2025-06-11T12:34:39","modified_gmt":"2025-06-11T10:34:39","slug":"strona-glowna-2","status":"publish","type":"page","link":"https:\/\/weldgam.pl\/en\/","title":{"rendered":"Strona G\u0142\u00f3wna"},"content":{"rendered":"<div class=\"wp-block-group page_white_bg\"><div class=\"wp-block-group__inner-container is-layout-constrained wp-block-group-is-layout-constrained\"><div class=\"wp-block-columns container is-layout-flex wp-container-core-columns-is-layout-28f84493 wp-block-columns-is-layout-flex\"><div class=\"wp-block-column is-layout-flow wp-block-column-is-layout-flow\"><h1 class=\"wp-block-heading\">Nazwa sekcji H1<\/h1>\n\n<p>Lorem ipsum dolor sit amet, consectetur adipiscing elit. Aliquam at pharetra orci, eget tempus leo. Etiam ac augue eros. Nunc et ex ex. Integer tempor mauris ornare ex congue commodo. Pellentesque eget lectus eleifend, posuere est viverra, faucibus erat. Ut semper tellus justo, sit amet pellentesque justo suscipit vel. Donec ultricies finibus enim, et pulvinar velit suscipit id. Nullam odio risus, molestie sed pellentesque ut, molestie at lorem.<\/p><\/div>\n\n<div class=\"wp-block-column order_first_important is-layout-flow wp-block-column-is-layout-flow\"><figure class=\"wp-block-image size-full\"><img loading=\"lazy\" decoding=\"async\" width=\"644\" height=\"402\" src=\"https:\/\/weldgam.pl\/wp-content\/uploads\/2024\/04\/walking-v1.jpg\" alt=\"\" class=\"wp-image-4365\" srcset=\"https:\/\/weldgam.pl\/wp-content\/uploads\/2024\/04\/walking-v1.jpg 644w, https:\/\/weldgam.pl\/wp-content\/uploads\/2024\/04\/walking-v1-416x260.jpg 416w\" sizes=\"auto, (max-width: 644px) 100vw, 644px\" \/><\/figure><\/div><\/div><\/div><\/div><div class=\"wp-block-group page_white_bg page_white_bg--dark\"><div class=\"wp-block-group__inner-container is-layout-constrained wp-block-group-is-layout-constrained\"><div class=\"wp-block-columns container is-layout-flex wp-container-core-columns-is-layout-28f84493 wp-block-columns-is-layout-flex\"><div class=\"wp-block-column is-layout-flow wp-block-column-is-layout-flow\"><h2 class=\"wp-block-heading has-text-align-center\">Tytu\u0142 Sekcji Drugiej<\/h2><\/div><\/div>\n\n<div class=\"wp-block-columns container icon_page is-layout-flex wp-container-core-columns-is-layout-28f84493 wp-block-columns-is-layout-flex\"><div class=\"wp-block-column text-center is-layout-flow wp-block-column-is-layout-flow\"><p>Lorem ipsum dolor sit amet, consectetur adipiscing elit. Aliquam at pharetra orci, eget tempus leo. Etiam ac augue eros.<\/p><\/div>\n\n<div class=\"wp-block-column text-center is-layout-flow wp-block-column-is-layout-flow\"><p>Lorem ipsum dolor sit amet, consectetur adipiscing elit. Aliquam at pharetra orci, eget tempus leo. Etiam ac augue eros.<\/p><\/div>\n\n<div class=\"wp-block-column text-center is-layout-flow wp-block-column-is-layout-flow\"><p>Lorem ipsum dolor sit amet, consectetur adipiscing elit. Aliquam at pharetra orci, eget tempus leo. Etiam ac augue eros.<\/p><\/div>\n\n<div class=\"wp-block-column text-center is-layout-flow wp-block-column-is-layout-flow\"><p>Lorem ipsum dolor sit amet, consectetur adipiscing elit. Aliquam at pharetra orci, eget tempus leo. Etiam ac augue eros.<\/p><\/div><\/div><\/div><\/div><div class=\"wp-block-group page_blue_bg has-background\" style=\"background-color:#0b284d\"><div class=\"wp-block-group__inner-container is-layout-constrained wp-block-group-is-layout-constrained\"><div class=\"wp-block-columns container is-layout-flex wp-container-core-columns-is-layout-28f84493 wp-block-columns-is-layout-flex\"><div class=\"wp-block-column margin-bottom-30 is-layout-flow wp-block-column-is-layout-flow\"><h2 class=\"wp-block-heading has-text-align-center\">Tytu\u0142 Sekcji Trzeciej<\/h2>\n\n<p class=\"has-text-align-center\">Lorem ipsum dolor sit amet, consectetur adipiscing elit. Aliquam at pharetra orci, eget tempus leo. Etiam ac augue eros. Nunc et ex ex. Integer tempor mauris ornare ex congue commodo. Pellentesque eget lectus eleifend, posuere est viverra, faucibus erat. Ut semper tellus justo, sit amet pellentesque justo suscipit vel. Donec ultricies finibus enim, et pulvinar velit suscipit id. Nullam odio risus, molestie sed pellentesque ut, molestie at lorem.<\/p><\/div><\/div>\n\n<div class=\"wp-block-columns container icon_page is-layout-flex wp-container-core-columns-is-layout-28f84493 wp-block-columns-is-layout-flex\"><div class=\"wp-block-column is-layout-flow wp-block-column-is-layout-flow\"><\/div><\/div><\/div><\/div><div class=\"wp-block-group page_white_bg padding-top-50\"><div class=\"wp-block-group__inner-container is-layout-constrained wp-block-group-is-layout-constrained\"><div class=\"wp-block-columns container is-layout-flex wp-container-core-columns-is-layout-28f84493 wp-block-columns-is-layout-flex\"><div class=\"wp-block-column is-layout-flow wp-block-column-is-layout-flow\"><h2 class=\"wp-block-heading\">Tytu\u0142 Czwartej sekcji<\/h2>\n\n<p>Lorem ipsum dolor sit amet, consectetur adipiscing elit. Aliquam at pharetra orci, eget tempus leo. Etiam ac augue eros. Nunc et ex ex. Integer tempor mauris ornare ex congue commodo. Pellentesque eget lectus eleifend, posuere est viverra, faucibus erat. Ut semper tellus justo, sit amet pellentesque justo suscipit vel. Donec ultricies finibus enim, et pulvinar velit suscipit id. Nullam odio risus, molestie sed pellentesque ut, molestie at lorem.<\/p><\/div>\n\n<div class=\"wp-block-column order_first_important is-layout-flow wp-block-column-is-layout-flow\"><div class=\"wp-block-image\"><figure class=\"aligncenter size-full\"><img loading=\"lazy\" decoding=\"async\" width=\"644\" height=\"402\" src=\"https:\/\/weldgam.pl\/wp-content\/uploads\/2024\/04\/walking-v1.jpg\" alt=\"\" class=\"wp-image-4365\" srcset=\"https:\/\/weldgam.pl\/wp-content\/uploads\/2024\/04\/walking-v1.jpg 644w, https:\/\/weldgam.pl\/wp-content\/uploads\/2024\/04\/walking-v1-416x260.jpg 416w\" sizes=\"auto, (max-width: 644px) 100vw, 644px\" \/><\/figure><\/div><\/div><\/div><\/div><\/div><div class=\"wp-block-group page_white_bg\"><div class=\"wp-block-group__inner-container is-layout-constrained wp-block-group-is-layout-constrained\"><div class=\"wp-block-columns are-vertically-aligned-center container is-layout-flex wp-container-core-columns-is-layout-28f84493 wp-block-columns-is-layout-flex\"><div class=\"wp-block-column is-vertically-aligned-center is-layout-flow wp-block-column-is-layout-flow\"><div class=\"wp-block-image\"><figure class=\"aligncenter size-full\"><img loading=\"lazy\" decoding=\"async\" width=\"644\" height=\"402\" src=\"https:\/\/weldgam.pl\/wp-content\/uploads\/2024\/04\/walking-v1.jpg\" alt=\"\" class=\"wp-image-4365\" srcset=\"https:\/\/weldgam.pl\/wp-content\/uploads\/2024\/04\/walking-v1.jpg 644w, https:\/\/weldgam.pl\/wp-content\/uploads\/2024\/04\/walking-v1-416x260.jpg 416w\" sizes=\"auto, (max-width: 644px) 100vw, 644px\" \/><\/figure><\/div><\/div>\n\n<div class=\"wp-block-column is-vertically-aligned-center is-layout-flow wp-block-column-is-layout-flow\"><h2 class=\"wp-block-heading\">Tytu\u0142 Pi\u0105tej sekcji<\/h2>\n\n<p>Lorem ipsum dolor sit amet, consectetur adipiscing elit. Aliquam at pharetra orci, eget tempus leo. Etiam ac augue eros. Nunc et ex ex. Integer tempor mauris ornare ex congue commodo. Pellentesque eget lectus eleifend, posuere est viverra, faucibus erat. Ut semper tellus justo, sit amet pellentesque justo suscipit vel. Donec ultricies finibus enim, et pulvinar velit suscipit id. Nullam odio risus, molestie sed pellentesque ut, molestie at lorem.<\/p><\/div><\/div><\/div><\/div><div class=\"wp-block-group page_blue_bg has-background\" style=\"background-color:#0b284d\"><div class=\"wp-block-group__inner-container is-layout-constrained wp-block-group-is-layout-constrained\"><div class=\"wp-block-columns container is-layout-flex wp-container-core-columns-is-layout-28f84493 wp-block-columns-is-layout-flex\"><div class=\"wp-block-column margin-bottom-30 is-layout-flow wp-block-column-is-layout-flow\"><h2 class=\"wp-block-heading has-text-align-center\">Jeste\u015b zainteresowany wsp\u00f3\u0142prac\u0105?<\/h2>\n\n<div class=\"wp-block-buttons is-content-justification-center is-layout-flex wp-container-core-buttons-is-layout-a89b3969 wp-block-buttons-is-layout-flex\"><div class=\"wp-block-button\"><a class=\"wp-block-button__link wp-element-button\" href=\"https:\/\/weldgam.pl\/en\/kontakt\/\">Skontaktuj si\u0119 z nami<\/a><\/div>\n\n<div class=\"wp-block-button\"><a class=\"wp-block-button__link wp-element-button\" href=\"https:\/\/weldgam.pl\/en\/uslugi\/\">Poznaj nasze us\u0142ugi<\/a><\/div><\/div><\/div><\/div>\n\n<div class=\"wp-block-columns container icon_page is-layout-flex wp-container-core-columns-is-layout-28f84493 wp-block-columns-is-layout-flex\"><div class=\"wp-block-column is-layout-flow wp-block-column-is-layout-flow\"><\/div><\/div><\/div><\/div>","protected":false},"excerpt":{"rendered":"<p>Nazwa sekcji H1 Lorem ipsum dolor sit amet, consectetur adipiscing elit. Aliquam at pharetra orci, eget tempus leo. Etiam ac augue eros. Nunc et ex ex. Integer tempor mauris ornare ex congue commodo. Pellentesque eget lectus eleifend, posuere est viverra, faucibus erat. Ut semper tellus justo, sit amet pellentesque justo suscipit vel. Donec ultricies finibus [&hellip;]<\/p>","protected":false},"author":1,"featured_media":0,"parent":0,"menu_order":0,"comment_status":"closed","ping_status":"closed","template":"page-home.php","meta":{"footnotes":""},"class_list":["post-4400","page","type-page","status-publish","hentry"],"yoast_head":"<!-- This site is optimized with the Yoast SEO plugin v25.2 - https:\/\/yoast.com\/wordpress\/plugins\/seo\/ -->\n<title>Strona G\u0142\u00f3wna - Weldgam<\/title>\n<meta name=\"robots\" content=\"index, follow, max-snippet:-1, max-image-preview:large, max-video-preview:-1\" \/>\n<link rel=\"canonical\" href=\"https:\/\/weldgam.pl\/en\/\" \/>\n<meta property=\"og:locale\" content=\"en_GB\" \/>\n<meta property=\"og:type\" content=\"article\" \/>\n<meta property=\"og:title\" content=\"Strona G\u0142\u00f3wna - Weldgam\" \/>\n<meta property=\"og:description\" content=\"Nazwa sekcji H1 Lorem ipsum dolor sit amet, consectetur adipiscing elit. Aliquam at pharetra orci, eget tempus leo. Etiam ac augue eros. Nunc et ex ex. Integer tempor mauris ornare ex congue commodo. Pellentesque eget lectus eleifend, posuere est viverra, faucibus erat. Ut semper tellus justo, sit amet pellentesque justo suscipit vel. Donec ultricies finibus [&hellip;]\" \/>\n<meta property=\"og:url\" content=\"https:\/\/weldgam.pl\/en\/\" \/>\n<meta property=\"og:site_name\" content=\"Weldgam\" \/>\n<meta property=\"article:modified_time\" content=\"2025-06-11T10:34:39+00:00\" \/>\n<meta property=\"og:image\" content=\"https:\/\/weldgam.pl\/wp-content\/uploads\/2024\/04\/walking-v1.jpg\" \/>\n\t<meta property=\"og:image:width\" content=\"644\" \/>\n\t<meta property=\"og:image:height\" content=\"402\" \/>\n\t<meta property=\"og:image:type\" content=\"image\/jpeg\" \/>\n<meta name=\"twitter:card\" content=\"summary_large_image\" \/>\n<meta name=\"twitter:label1\" content=\"Estimated reading time\" \/>\n\t<meta name=\"twitter:data1\" content=\"3 minutes\" \/>\n<script type=\"application\/ld+json\" class=\"yoast-schema-graph\">{\"@context\":\"https:\/\/schema.org\",\"@graph\":[{\"@type\":\"WebPage\",\"@id\":\"https:\/\/weldgam.pl\/\",\"url\":\"https:\/\/weldgam.pl\/\",\"name\":\"Strona G\u0142\u00f3wna - Weldgam\",\"isPartOf\":{\"@id\":\"https:\/\/weldgam.pl\/#website\"},\"primaryImageOfPage\":{\"@id\":\"https:\/\/weldgam.pl\/#primaryimage\"},\"image\":{\"@id\":\"https:\/\/weldgam.pl\/#primaryimage\"},\"thumbnailUrl\":\"https:\/\/weldgam.pl\/wp-content\/uploads\/2024\/04\/walking-v1.jpg\",\"datePublished\":\"2024-04-18T19:15:10+00:00\",\"dateModified\":\"2025-06-11T10:34:39+00:00\",\"breadcrumb\":{\"@id\":\"https:\/\/weldgam.pl\/#breadcrumb\"},\"inLanguage\":\"en-GB\",\"potentialAction\":[{\"@type\":\"ReadAction\",\"target\":[\"https:\/\/weldgam.pl\/\"]}]},{\"@type\":\"ImageObject\",\"inLanguage\":\"en-GB\",\"@id\":\"https:\/\/weldgam.pl\/#primaryimage\",\"url\":\"https:\/\/weldgam.pl\/wp-content\/uploads\/2024\/04\/walking-v1.jpg\",\"contentUrl\":\"https:\/\/weldgam.pl\/wp-content\/uploads\/2024\/04\/walking-v1.jpg\"},{\"@type\":\"BreadcrumbList\",\"@id\":\"https:\/\/weldgam.pl\/#breadcrumb\",\"itemListElement\":[{\"@type\":\"ListItem\",\"position\":1,\"name\":\"Strona g\u0142\u00f3wna\",\"item\":\"https:\/\/weldgam.pl\/\"},{\"@type\":\"ListItem\",\"position\":2,\"name\":\"Strona G\u0142\u00f3wna\"}]},{\"@type\":\"WebSite\",\"@id\":\"https:\/\/weldgam.pl\/#website\",\"url\":\"https:\/\/weldgam.pl\/\",\"name\":\"Weldgam\",\"description\":\"Spawanie konstrukcji stalowych i instalacji przemys\u0142owych \u2013 kompleksowa obs\u0142uga produkcji\",\"potentialAction\":[{\"@type\":\"SearchAction\",\"target\":{\"@type\":\"EntryPoint\",\"urlTemplate\":\"https:\/\/weldgam.pl\/?s={search_term_string}\"},\"query-input\":{\"@type\":\"PropertyValueSpecification\",\"valueRequired\":true,\"valueName\":\"search_term_string\"}}],\"inLanguage\":\"en-GB\"}]}<\/script>\n<!-- \/ Yoast SEO plugin. -->","yoast_head_json":{"title":"Strona G\u0142\u00f3wna - Weldgam","robots":{"index":"index","follow":"follow","max-snippet":"max-snippet:-1","max-image-preview":"max-image-preview:large","max-video-preview":"max-video-preview:-1"},"canonical":"https:\/\/weldgam.pl\/en\/","og_locale":"en_GB","og_type":"article","og_title":"Strona G\u0142\u00f3wna - Weldgam","og_description":"Nazwa sekcji H1 Lorem ipsum dolor sit amet, consectetur adipiscing elit. Aliquam at pharetra orci, eget tempus leo. Etiam ac augue eros. Nunc et ex ex. Integer tempor mauris ornare ex congue commodo. Pellentesque eget lectus eleifend, posuere est viverra, faucibus erat. Ut semper tellus justo, sit amet pellentesque justo suscipit vel. Donec ultricies finibus [&hellip;]","og_url":"https:\/\/weldgam.pl\/en\/","og_site_name":"Weldgam","article_modified_time":"2025-06-11T10:34:39+00:00","og_image":[{"width":644,"height":402,"url":"https:\/\/weldgam.pl\/wp-content\/uploads\/2024\/04\/walking-v1.jpg","type":"image\/jpeg"}],"twitter_card":"summary_large_image","twitter_misc":{"Estimated reading time":"3 minutes"},"schema":{"@context":"https:\/\/schema.org","@graph":[{"@type":"WebPage","@id":"https:\/\/weldgam.pl\/","url":"https:\/\/weldgam.pl\/","name":"Strona G\u0142\u00f3wna - Weldgam","isPartOf":{"@id":"https:\/\/weldgam.pl\/#website"},"primaryImageOfPage":{"@id":"https:\/\/weldgam.pl\/#primaryimage"},"image":{"@id":"https:\/\/weldgam.pl\/#primaryimage"},"thumbnailUrl":"https:\/\/weldgam.pl\/wp-content\/uploads\/2024\/04\/walking-v1.jpg","datePublished":"2024-04-18T19:15:10+00:00","dateModified":"2025-06-11T10:34:39+00:00","breadcrumb":{"@id":"https:\/\/weldgam.pl\/#breadcrumb"},"inLanguage":"en-GB","potentialAction":[{"@type":"ReadAction","target":["https:\/\/weldgam.pl\/"]}]},{"@type":"ImageObject","inLanguage":"en-GB","@id":"https:\/\/weldgam.pl\/#primaryimage","url":"https:\/\/weldgam.pl\/wp-content\/uploads\/2024\/04\/walking-v1.jpg","contentUrl":"https:\/\/weldgam.pl\/wp-content\/uploads\/2024\/04\/walking-v1.jpg"},{"@type":"BreadcrumbList","@id":"https:\/\/weldgam.pl\/#breadcrumb","itemListElement":[{"@type":"ListItem","position":1,"name":"Strona g\u0142\u00f3wna","item":"https:\/\/weldgam.pl\/"},{"@type":"ListItem","position":2,"name":"Strona G\u0142\u00f3wna"}]},{"@type":"WebSite","@id":"https:\/\/weldgam.pl\/#website","url":"https:\/\/weldgam.pl\/","name":"Weldgam","description":"Spawanie konstrukcji stalowych i instalacji przemys\u0142owych \u2013 kompleksowa obs\u0142uga produkcji","potentialAction":[{"@type":"SearchAction","target":{"@type":"EntryPoint","urlTemplate":"https:\/\/weldgam.pl\/?s={search_term_string}"},"query-input":{"@type":"PropertyValueSpecification","valueRequired":true,"valueName":"search_term_string"}}],"inLanguage":"en-GB"}]}},"_links":{"self":[{"href":"https:\/\/weldgam.pl\/en\/wp-json\/wp\/v2\/pages\/4400","targetHints":{"allow":["GET"]}}],"collection":[{"href":"https:\/\/weldgam.pl\/en\/wp-json\/wp\/v2\/pages"}],"about":[{"href":"https:\/\/weldgam.pl\/en\/wp-json\/wp\/v2\/types\/page"}],"author":[{"embeddable":true,"href":"https:\/\/weldgam.pl\/en\/wp-json\/wp\/v2\/users\/1"}],"replies":[{"embeddable":true,"href":"https:\/\/weldgam.pl\/en\/wp-json\/wp\/v2\/comments?post=4400"}],"version-history":[{"count":7,"href":"https:\/\/weldgam.pl\/en\/wp-json\/wp\/v2\/pages\/4400\/revisions"}],"predecessor-version":[{"id":4543,"href":"https:\/\/weldgam.pl\/en\/wp-json\/wp\/v2\/pages\/4400\/revisions\/4543"}],"wp:attachment":[{"href":"https:\/\/weldgam.pl\/en\/wp-json\/wp\/v2\/media?parent=4400"}],"curies":[{"name":"wp","href":"https:\/\/api.w.org\/{rel}","templated":true}]}}