{"id":3882,"date":"2024-02-15T16:29:31","date_gmt":"2024-02-15T15:29:31","guid":{"rendered":"https:\/\/weldgam.pl\/?page_id=3882"},"modified":"2025-08-05T18:54:12","modified_gmt":"2025-08-05T16:54:12","slug":"o-nas","status":"publish","type":"page","link":"https:\/\/weldgam.pl\/en\/o-nas\/","title":{"rendered":"O nas"},"content":{"rendered":"<div class=\"wp-block-group\"><div class=\"wp-block-group__inner-container is-layout-constrained wp-block-group-is-layout-constrained\"><div class=\"wp-block-group\"><div class=\"wp-block-group__inner-container is-layout-constrained wp-block-group-is-layout-constrained\"><div class=\"wp-block-columns container is-layout-flex wp-container-core-columns-is-layout-28f84493 wp-block-columns-is-layout-flex\"><div class=\"wp-block-column is-layout-flow wp-block-column-is-layout-flow\"><h2 class=\"wp-block-heading\">O nas<\/h2>\n\n<p>Firma WELDGAM dzia\u0142a na rynku od 2017 roku. Powsta\u0142a na bazie do\u015bwiadczenia w\u0142a\u015bciciela zdobytego w przemy\u015ble okr\u0119towym \u2013 m.in. przy spawaniu i monta\u017cu urz\u0105dze\u0144 dla statk\u00f3w i platform wiertniczych, w firmie o ponad 100-letniej tradycji \u2013 Towimor S.A.<\/p>\n\n<p>Pocz\u0105tkowo firma realizowa\u0142a zlecenia w Niemczech \u2013 wykonywali\u015bmy instalacje klimatyzacyjne w serwerowniach takich marek jak Haribo i Allianz.<\/p>\n\n<p>Dzi\u015b dostarczamy kompleksowe rozwi\u0105zania w zakresie instalacji przemys\u0142owych i konstrukcji stalowych \u2013 zar\u00f3wno w Polsce, jak i za granic\u0105. Wykonujemy r\u00f3wnie\u017c projekty indywidualne, dostosowane do potrzeb klienta<\/p>\n\n<p>Nasz zesp\u00f3\u0142 to do\u015bwiadczeni specjali\u015bci, kt\u00f3rzy \u0142\u0105cz\u0105 wiedz\u0119 techniczn\u0105 z zaanga\u017cowaniem i nowoczesnym podej\u015bciem do pracy.<\/p>\n\n<p>W naszej hali produkcyjnej o powierzchni ponad 600 m\u00b2 powstaj\u0105 nowoczesne instalacje, konstrukcje stalowe oraz indywidualne projekty. Posiadamy kompleksowo wyposa\u017cony park maszynowy, lakierni\u0119, mieszalni\u0119 farb i flot\u0119 transportow\u0105. Dzi\u0119ki temu oferujemy kompleksow\u0105 obs\u0142ug\u0119 \u2013 od projektu i prefabrykacji, po transport i monta\u017c u klienta.<\/p><\/div>\n\n<div class=\"wp-block-column is-layout-flow wp-block-column-is-layout-flow\"><figure class=\"wp-block-image size-full\"><img loading=\"lazy\" decoding=\"async\" width=\"1000\" height=\"1250\" src=\"https:\/\/weldgam.pl\/wp-content\/uploads\/2025\/08\/o-nas-1.jpg\" alt=\"\" class=\"wp-image-4728\" srcset=\"https:\/\/weldgam.pl\/wp-content\/uploads\/2025\/08\/o-nas-1.jpg 1000w, https:\/\/weldgam.pl\/wp-content\/uploads\/2025\/08\/o-nas-1-240x300.jpg 240w, https:\/\/weldgam.pl\/wp-content\/uploads\/2025\/08\/o-nas-1-819x1024.jpg 819w, https:\/\/weldgam.pl\/wp-content\/uploads\/2025\/08\/o-nas-1-768x960.jpg 768w, https:\/\/weldgam.pl\/wp-content\/uploads\/2025\/08\/o-nas-1-50x63.jpg 50w, https:\/\/weldgam.pl\/wp-content\/uploads\/2025\/08\/o-nas-1-416x520.jpg 416w\" sizes=\"auto, (max-width: 1000px) 100vw, 1000px\" \/><\/figure><\/div><\/div><\/div><\/div><\/div><\/div><div class=\"wp-block-group\"><div class=\"wp-block-group__inner-container is-layout-constrained wp-block-group-is-layout-constrained\"><div class=\"wp-block-group\"><div class=\"wp-block-group__inner-container is-layout-constrained wp-block-group-is-layout-constrained\"><div class=\"wp-block-columns container is-layout-flex wp-container-core-columns-is-layout-28f84493 wp-block-columns-is-layout-flex\"><div class=\"wp-block-column is-layout-flow wp-block-column-is-layout-flow\"><figure class=\"wp-block-image size-full\"><img loading=\"lazy\" decoding=\"async\" width=\"2048\" height=\"1365\" src=\"https:\/\/weldgam.pl\/wp-content\/uploads\/2025\/08\/o-nas.jpeg\" alt=\"\" class=\"wp-image-4729\" srcset=\"https:\/\/weldgam.pl\/wp-content\/uploads\/2025\/08\/o-nas.jpeg 2048w, https:\/\/weldgam.pl\/wp-content\/uploads\/2025\/08\/o-nas-300x200.jpeg 300w, https:\/\/weldgam.pl\/wp-content\/uploads\/2025\/08\/o-nas-1024x683.jpeg 1024w, https:\/\/weldgam.pl\/wp-content\/uploads\/2025\/08\/o-nas-768x512.jpeg 768w, https:\/\/weldgam.pl\/wp-content\/uploads\/2025\/08\/o-nas-50x33.jpeg 50w, https:\/\/weldgam.pl\/wp-content\/uploads\/2025\/08\/o-nas-1600x1066.jpeg 1600w, https:\/\/weldgam.pl\/wp-content\/uploads\/2025\/08\/o-nas-1536x1024.jpeg 1536w, https:\/\/weldgam.pl\/wp-content\/uploads\/2025\/08\/o-nas-416x277.jpeg 416w\" sizes=\"auto, (max-width: 2048px) 100vw, 2048px\" \/><\/figure><\/div>\n\n<div class=\"wp-block-column is-layout-flow wp-block-column-is-layout-flow\"><h2 class=\"wp-block-heading\">Co robimy?<\/h2>\n\n<ul class=\"wp-block-list\"><li>instalacje przemys\u0142owe dla firm z bran\u017cy spo\u017cywczej, kosmetycznej, farmaceutycznej i chemicznej,<\/li>\n\n<li>spawanie konstrukcji stalowych (MAG, MIG, TIG, laserowe, orbitalne, z mo\u017cliwo\u015bci\u0105 RTG),<\/li>\n\n<li>ci\u0119cie, gi\u0119cie i walcowanie blach,<\/li>\n\n<li>prefabrykacja i monta\u017c zbiornik\u00f3w bezci\u015bnieniowych,<\/li>\n\n<li>produkcja element\u00f3w BHP, podest\u00f3w, barier i odboj\u00f3w,<\/li>\n\n<li>relokacja linii produkcyjnych i urz\u0105dze\u0144 przemys\u0142owych,<\/li>\n\n<li>realizacja indywidualnych projekt\u00f3w stalowych i technologicznych.<\/li><\/ul>\n\n<p>Je\u015bli szukasz wykonawcy, kt\u00f3ry nie tylko wykona zadanie, ale r\u00f3wnie\u017c wesprze Ci\u0119 doradztwem technicznym i elastycznym podej\u015bciem, jeste\u015bmy do Twojej dyspozycji.<\/p>\n\n<p>Nasz\u0105 misj\u0105 jest budowanie stabilnych i niezawodnych fundament\u00f3w dla ka\u017cdej inwestycji.<\/p><\/div><\/div><\/div><\/div><\/div><\/div><div class=\"wp-block-group wy_page_fiolet\"><div class=\"wp-block-group__inner-container is-layout-constrained wp-block-group-is-layout-constrained\"><div class=\"wp-block-group\"><div class=\"wp-block-group__inner-container is-layout-constrained wp-block-group-is-layout-constrained\"><div class=\"wp-block-columns container is-layout-flex wp-container-core-columns-is-layout-28f84493 wp-block-columns-is-layout-flex\"><div class=\"wp-block-column is-layout-flow wp-block-column-is-layout-flow\"><h2 class=\"wp-block-heading has-text-align-left\">Nasze certyfikaty i uprawnienia<\/h2>\n\n<p class=\"has-text-align-left\">Posiadamy certyfikaty i uprawnienia potwierdzaj\u0105ce nasze kompetencje techniczne:<\/p>\n\n<p class=\"has-text-align-left\">&#8211; PN-EN ISO 3834-2 \u2013 system zapewnienia jako\u015bci w spawalnictwie,<br>&#8211; nadz\u00f3r spawalniczy technologa spawalnika,<br>&#8211; uprawnienia UDT, SEP i spawalnicze,<br>&#8211; badania wizualne spoin.<\/p>\n\n<p class=\"has-text-align-left\">Na \u017cyczenie klienta pozyskujemy r\u00f3wnie\u017c dodatkowe kwalifikacje i certyfikaty zgodne z jego wewn\u0119trznymi procedurami.<\/p><\/div>\n\n<div class=\"wp-block-column is-layout-flow wp-block-column-is-layout-flow\"><h2 class=\"wp-block-heading has-text-align-left\">Dlaczego warto nam zaufa\u0107?<\/h2>\n\n<p class=\"has-text-align-left\">Wieloletnie do\u015bwiadczenie w realizacjach przemys\u0142owych,<\/p>\n\n<p class=\"has-text-align-left\">&#8211; Zlecenia w kraju i za granic\u0105,<br>&#8211; Elastyczno\u015b\u0107 i indywidualne podej\u015bcie do projekt\u00f3w,<br>&#8211; Nowoczesne zaplecze techniczne i produkcyjne,<br>&#8211; Zesp\u00f3\u0142 specjalist\u00f3w z pasj\u0105 i do\u015bwiadczeniem,<br>&#8211; Praca na sprz\u0119cie renomowanych marek,<\/p>\n\n<p class=\"has-text-align-left\">Certyfikowane us\u0142ugi i jako\u015b\u0107 potwierdzona referencjami.<\/p><\/div><\/div><\/div><\/div><\/div><\/div>","protected":false},"excerpt":{"rendered":"<p>O nas Firma WELDGAM dzia\u0142a na rynku od 2017 roku. Powsta\u0142a na bazie do\u015bwiadczenia w\u0142a\u015bciciela zdobytego w przemy\u015ble okr\u0119towym \u2013 m.in. przy spawaniu i monta\u017cu urz\u0105dze\u0144 dla statk\u00f3w i platform wiertniczych, w firmie o ponad 100-letniej tradycji \u2013 Towimor S.A. Pocz\u0105tkowo firma realizowa\u0142a zlecenia w Niemczech \u2013 wykonywali\u015bmy instalacje klimatyzacyjne w serwerowniach takich marek jak [&hellip;]<\/p>","protected":false},"author":1,"featured_media":0,"parent":0,"menu_order":0,"comment_status":"closed","ping_status":"closed","template":"page.php","meta":{"footnotes":""},"class_list":["post-3882","page","type-page","status-publish","hentry"],"yoast_head":"<!-- This site is optimized with the Yoast SEO plugin v25.2 - https:\/\/yoast.com\/wordpress\/plugins\/seo\/ -->\n<title>O nas - Weldgam<\/title>\n<meta name=\"robots\" content=\"index, follow, max-snippet:-1, max-image-preview:large, max-video-preview:-1\" \/>\n<link rel=\"canonical\" href=\"https:\/\/weldgam.pl\/en\/o-nas\/\" \/>\n<meta property=\"og:locale\" content=\"en_GB\" \/>\n<meta property=\"og:type\" content=\"article\" \/>\n<meta property=\"og:title\" content=\"O nas - Weldgam\" \/>\n<meta property=\"og:description\" content=\"O nas Firma WELDGAM dzia\u0142a na rynku od 2017 roku. Powsta\u0142a na bazie do\u015bwiadczenia w\u0142a\u015bciciela zdobytego w przemy\u015ble okr\u0119towym \u2013 m.in. przy spawaniu i monta\u017cu urz\u0105dze\u0144 dla statk\u00f3w i platform wiertniczych, w firmie o ponad 100-letniej tradycji \u2013 Towimor S.A. Pocz\u0105tkowo firma realizowa\u0142a zlecenia w Niemczech \u2013 wykonywali\u015bmy instalacje klimatyzacyjne w serwerowniach takich marek jak [&hellip;]\" \/>\n<meta property=\"og:url\" content=\"https:\/\/weldgam.pl\/en\/o-nas\/\" \/>\n<meta property=\"og:site_name\" content=\"Weldgam\" \/>\n<meta property=\"article:modified_time\" content=\"2025-08-05T16:54:12+00:00\" \/>\n<meta property=\"og:image\" content=\"https:\/\/weldgam.pl\/wp-content\/uploads\/2025\/08\/o-nas-1.jpg\" \/>\n\t<meta property=\"og:image:width\" content=\"1000\" \/>\n\t<meta property=\"og:image:height\" content=\"1250\" \/>\n\t<meta property=\"og:image:type\" content=\"image\/jpeg\" \/>\n<meta name=\"twitter:card\" content=\"summary_large_image\" \/>\n<meta name=\"twitter:label1\" content=\"Estimated reading time\" \/>\n\t<meta name=\"twitter:data1\" content=\"3 minutes\" \/>\n<script type=\"application\/ld+json\" class=\"yoast-schema-graph\">{\"@context\":\"https:\/\/schema.org\",\"@graph\":[{\"@type\":\"WebPage\",\"@id\":\"https:\/\/weldgam.pl\/o-nas\/\",\"url\":\"https:\/\/weldgam.pl\/o-nas\/\",\"name\":\"O nas - Weldgam\",\"isPartOf\":{\"@id\":\"https:\/\/weldgam.pl\/#website\"},\"primaryImageOfPage\":{\"@id\":\"https:\/\/weldgam.pl\/o-nas\/#primaryimage\"},\"image\":{\"@id\":\"https:\/\/weldgam.pl\/o-nas\/#primaryimage\"},\"thumbnailUrl\":\"https:\/\/weldgam.pl\/wp-content\/uploads\/2025\/08\/o-nas-1.jpg\",\"datePublished\":\"2024-02-15T15:29:31+00:00\",\"dateModified\":\"2025-08-05T16:54:12+00:00\",\"breadcrumb\":{\"@id\":\"https:\/\/weldgam.pl\/o-nas\/#breadcrumb\"},\"inLanguage\":\"en-GB\",\"potentialAction\":[{\"@type\":\"ReadAction\",\"target\":[\"https:\/\/weldgam.pl\/o-nas\/\"]}]},{\"@type\":\"ImageObject\",\"inLanguage\":\"en-GB\",\"@id\":\"https:\/\/weldgam.pl\/o-nas\/#primaryimage\",\"url\":\"https:\/\/weldgam.pl\/wp-content\/uploads\/2025\/08\/o-nas-1.jpg\",\"contentUrl\":\"https:\/\/weldgam.pl\/wp-content\/uploads\/2025\/08\/o-nas-1.jpg\"},{\"@type\":\"BreadcrumbList\",\"@id\":\"https:\/\/weldgam.pl\/o-nas\/#breadcrumb\",\"itemListElement\":[{\"@type\":\"ListItem\",\"position\":1,\"name\":\"Strona g\u0142\u00f3wna\",\"item\":\"https:\/\/weldgam.pl\/\"},{\"@type\":\"ListItem\",\"position\":2,\"name\":\"O nas\"}]},{\"@type\":\"WebSite\",\"@id\":\"https:\/\/weldgam.pl\/#website\",\"url\":\"https:\/\/weldgam.pl\/\",\"name\":\"Weldgam\",\"description\":\"Spawanie konstrukcji stalowych i instalacji przemys\u0142owych \u2013 kompleksowa obs\u0142uga produkcji\",\"potentialAction\":[{\"@type\":\"SearchAction\",\"target\":{\"@type\":\"EntryPoint\",\"urlTemplate\":\"https:\/\/weldgam.pl\/?s={search_term_string}\"},\"query-input\":{\"@type\":\"PropertyValueSpecification\",\"valueRequired\":true,\"valueName\":\"search_term_string\"}}],\"inLanguage\":\"en-GB\"}]}<\/script>\n<!-- \/ Yoast SEO plugin. -->","yoast_head_json":{"title":"O nas - Weldgam","robots":{"index":"index","follow":"follow","max-snippet":"max-snippet:-1","max-image-preview":"max-image-preview:large","max-video-preview":"max-video-preview:-1"},"canonical":"https:\/\/weldgam.pl\/en\/o-nas\/","og_locale":"en_GB","og_type":"article","og_title":"O nas - Weldgam","og_description":"O nas Firma WELDGAM dzia\u0142a na rynku od 2017 roku. Powsta\u0142a na bazie do\u015bwiadczenia w\u0142a\u015bciciela zdobytego w przemy\u015ble okr\u0119towym \u2013 m.in. przy spawaniu i monta\u017cu urz\u0105dze\u0144 dla statk\u00f3w i platform wiertniczych, w firmie o ponad 100-letniej tradycji \u2013 Towimor S.A. Pocz\u0105tkowo firma realizowa\u0142a zlecenia w Niemczech \u2013 wykonywali\u015bmy instalacje klimatyzacyjne w serwerowniach takich marek jak [&hellip;]","og_url":"https:\/\/weldgam.pl\/en\/o-nas\/","og_site_name":"Weldgam","article_modified_time":"2025-08-05T16:54:12+00:00","og_image":[{"width":1000,"height":1250,"url":"https:\/\/weldgam.pl\/wp-content\/uploads\/2025\/08\/o-nas-1.jpg","type":"image\/jpeg"}],"twitter_card":"summary_large_image","twitter_misc":{"Estimated reading time":"3 minutes"},"schema":{"@context":"https:\/\/schema.org","@graph":[{"@type":"WebPage","@id":"https:\/\/weldgam.pl\/o-nas\/","url":"https:\/\/weldgam.pl\/o-nas\/","name":"O nas - Weldgam","isPartOf":{"@id":"https:\/\/weldgam.pl\/#website"},"primaryImageOfPage":{"@id":"https:\/\/weldgam.pl\/o-nas\/#primaryimage"},"image":{"@id":"https:\/\/weldgam.pl\/o-nas\/#primaryimage"},"thumbnailUrl":"https:\/\/weldgam.pl\/wp-content\/uploads\/2025\/08\/o-nas-1.jpg","datePublished":"2024-02-15T15:29:31+00:00","dateModified":"2025-08-05T16:54:12+00:00","breadcrumb":{"@id":"https:\/\/weldgam.pl\/o-nas\/#breadcrumb"},"inLanguage":"en-GB","potentialAction":[{"@type":"ReadAction","target":["https:\/\/weldgam.pl\/o-nas\/"]}]},{"@type":"ImageObject","inLanguage":"en-GB","@id":"https:\/\/weldgam.pl\/o-nas\/#primaryimage","url":"https:\/\/weldgam.pl\/wp-content\/uploads\/2025\/08\/o-nas-1.jpg","contentUrl":"https:\/\/weldgam.pl\/wp-content\/uploads\/2025\/08\/o-nas-1.jpg"},{"@type":"BreadcrumbList","@id":"https:\/\/weldgam.pl\/o-nas\/#breadcrumb","itemListElement":[{"@type":"ListItem","position":1,"name":"Strona g\u0142\u00f3wna","item":"https:\/\/weldgam.pl\/"},{"@type":"ListItem","position":2,"name":"O nas"}]},{"@type":"WebSite","@id":"https:\/\/weldgam.pl\/#website","url":"https:\/\/weldgam.pl\/","name":"Weldgam","description":"Spawanie konstrukcji stalowych i instalacji przemys\u0142owych \u2013 kompleksowa obs\u0142uga produkcji","potentialAction":[{"@type":"SearchAction","target":{"@type":"EntryPoint","urlTemplate":"https:\/\/weldgam.pl\/?s={search_term_string}"},"query-input":{"@type":"PropertyValueSpecification","valueRequired":true,"valueName":"search_term_string"}}],"inLanguage":"en-GB"}]}},"_links":{"self":[{"href":"https:\/\/weldgam.pl\/en\/wp-json\/wp\/v2\/pages\/3882","targetHints":{"allow":["GET"]}}],"collection":[{"href":"https:\/\/weldgam.pl\/en\/wp-json\/wp\/v2\/pages"}],"about":[{"href":"https:\/\/weldgam.pl\/en\/wp-json\/wp\/v2\/types\/page"}],"author":[{"embeddable":true,"href":"https:\/\/weldgam.pl\/en\/wp-json\/wp\/v2\/users\/1"}],"replies":[{"embeddable":true,"href":"https:\/\/weldgam.pl\/en\/wp-json\/wp\/v2\/comments?post=3882"}],"version-history":[{"count":45,"href":"https:\/\/weldgam.pl\/en\/wp-json\/wp\/v2\/pages\/3882\/revisions"}],"predecessor-version":[{"id":4730,"href":"https:\/\/weldgam.pl\/en\/wp-json\/wp\/v2\/pages\/3882\/revisions\/4730"}],"wp:attachment":[{"href":"https:\/\/weldgam.pl\/en\/wp-json\/wp\/v2\/media?parent=3882"}],"curies":[{"name":"wp","href":"https:\/\/api.w.org\/{rel}","templated":true}]}}