{"id":3880,"date":"2024-02-15T16:29:05","date_gmt":"2024-02-15T15:29:05","guid":{"rendered":"https:\/\/weldgam.pl\/?page_id=3880"},"modified":"2025-07-20T19:49:52","modified_gmt":"2025-07-20T17:49:52","slug":"kontakt","status":"publish","type":"page","link":"https:\/\/weldgam.pl\/en\/kontakt\/","title":{"rendered":"Kontakt"},"content":{"rendered":"<div class=\"wp-block-group container\"><div class=\"wp-block-group__inner-container is-layout-constrained wp-block-group-is-layout-constrained\"><div class=\"container-img\">\n<a href=\"https:\/\/www.google.com\/maps\/place\/WELDGAM\/@52.4409097,20.7665504,11.5z\/data=!4m15!1m8!3m7!1s0x471eb07f73704c0f:0x724f22d0db2c7c36!2sKlonowa+17,+05-101+Nowy+Dw%C3%B3r+Mazowiecki!3b1!8m2!3d52.4153175!4d20.7646686!16s%2Fg%2F11h1yf4lrm!3m5!1s0x471eb1779c1dac89:0xeab4593772b80c0b!8m2!3d52.4153899!4d20.7646001!16s%2Fg%2F11s4_fkt_q?entry=ttu&#038;g_ep=EgoyMDI1MDcxNi4wIKXMDSoASAFQAw%3D%3D\" class=\"fancybox-iframe\"><img decoding=\"async\" src=\"https:\/\/weldgam.pl\/wp-content\/uploads\/2025\/07\/marker.png\" alt=\"Maps\" class=\"image-img\" style=\"width:100%\"><\/a>\n  <div class=\"middle-img\">\n   <a href=\"https:\/\/www.google.com\/maps\/place\/WELDGAM\/@52.4409097,20.7665504,11.5z\/data=!4m15!1m8!3m7!1s0x471eb07f73704c0f:0x724f22d0db2c7c36!2sKlonowa+17,+05-101+Nowy+Dw%C3%B3r+Mazowiecki!3b1!8m2!3d52.4153175!4d20.7646686!16s%2Fg%2F11h1yf4lrm!3m5!1s0x471eb1779c1dac89:0xeab4593772b80c0b!8m2!3d52.4153899!4d20.7646001!16s%2Fg%2F11s4_fkt_q?entry=ttu&#038;g_ep=EgoyMDI1MDcxNi4wIKXMDSoASAFQAw%3D%3D\" class=\"fancybox-iframe\"><div class=\"text-img\">Otw\u00f3rz interaktywn\u0105 map\u0119<\/div><\/a>\n  <\/div>\n<\/div><\/div><\/div>","protected":false},"excerpt":{"rendered":"<p>Otw\u00f3rz interaktywn\u0105 map\u0119<\/p>","protected":false},"author":1,"featured_media":0,"parent":0,"menu_order":0,"comment_status":"closed","ping_status":"closed","template":"","meta":{"footnotes":""},"class_list":["post-3880","page","type-page","status-publish","hentry"],"yoast_head":"<!-- This site is optimized with the Yoast SEO plugin v25.2 - https:\/\/yoast.com\/wordpress\/plugins\/seo\/ -->\n<title>Kontakt - Weldgam<\/title>\n<meta name=\"robots\" content=\"index, follow, max-snippet:-1, max-image-preview:large, max-video-preview:-1\" \/>\n<link rel=\"canonical\" href=\"https:\/\/weldgam.pl\/en\/kontakt\/\" \/>\n<meta property=\"og:locale\" content=\"en_GB\" \/>\n<meta property=\"og:type\" content=\"article\" \/>\n<meta property=\"og:title\" content=\"Kontakt - Weldgam\" \/>\n<meta property=\"og:description\" content=\"Otw\u00f3rz interaktywn\u0105 map\u0119\" \/>\n<meta property=\"og:url\" content=\"https:\/\/weldgam.pl\/en\/kontakt\/\" \/>\n<meta property=\"og:site_name\" content=\"Weldgam\" \/>\n<meta property=\"article:modified_time\" content=\"2025-07-20T17:49:52+00:00\" \/>\n<meta property=\"og:image\" content=\"https:\/\/weldgam.pl\/wp-content\/uploads\/2025\/07\/marker.png\" \/>\n<meta name=\"twitter:card\" content=\"summary_large_image\" \/>\n<meta name=\"twitter:label1\" content=\"Estimated reading time\" \/>\n\t<meta name=\"twitter:data1\" content=\"1 minute\" \/>\n<script type=\"application\/ld+json\" class=\"yoast-schema-graph\">{\"@context\":\"https:\/\/schema.org\",\"@graph\":[{\"@type\":\"WebPage\",\"@id\":\"https:\/\/weldgam.pl\/kontakt\/\",\"url\":\"https:\/\/weldgam.pl\/kontakt\/\",\"name\":\"Kontakt - Weldgam\",\"isPartOf\":{\"@id\":\"https:\/\/weldgam.pl\/#website\"},\"primaryImageOfPage\":{\"@id\":\"https:\/\/weldgam.pl\/kontakt\/#primaryimage\"},\"image\":{\"@id\":\"https:\/\/weldgam.pl\/kontakt\/#primaryimage\"},\"thumbnailUrl\":\"https:\/\/weldgam.pl\/wp-content\/uploads\/2025\/07\/marker.png\",\"datePublished\":\"2024-02-15T15:29:05+00:00\",\"dateModified\":\"2025-07-20T17:49:52+00:00\",\"breadcrumb\":{\"@id\":\"https:\/\/weldgam.pl\/kontakt\/#breadcrumb\"},\"inLanguage\":\"en-GB\",\"potentialAction\":[{\"@type\":\"ReadAction\",\"target\":[\"https:\/\/weldgam.pl\/kontakt\/\"]}]},{\"@type\":\"ImageObject\",\"inLanguage\":\"en-GB\",\"@id\":\"https:\/\/weldgam.pl\/kontakt\/#primaryimage\",\"url\":\"https:\/\/weldgam.pl\/wp-content\/uploads\/2025\/07\/marker.png\",\"contentUrl\":\"https:\/\/weldgam.pl\/wp-content\/uploads\/2025\/07\/marker.png\"},{\"@type\":\"BreadcrumbList\",\"@id\":\"https:\/\/weldgam.pl\/kontakt\/#breadcrumb\",\"itemListElement\":[{\"@type\":\"ListItem\",\"position\":1,\"name\":\"Strona g\u0142\u00f3wna\",\"item\":\"https:\/\/weldgam.pl\/\"},{\"@type\":\"ListItem\",\"position\":2,\"name\":\"Kontakt\"}]},{\"@type\":\"WebSite\",\"@id\":\"https:\/\/weldgam.pl\/#website\",\"url\":\"https:\/\/weldgam.pl\/\",\"name\":\"Weldgam\",\"description\":\"Spawanie konstrukcji stalowych i instalacji przemys\u0142owych \u2013 kompleksowa obs\u0142uga produkcji\",\"potentialAction\":[{\"@type\":\"SearchAction\",\"target\":{\"@type\":\"EntryPoint\",\"urlTemplate\":\"https:\/\/weldgam.pl\/?s={search_term_string}\"},\"query-input\":{\"@type\":\"PropertyValueSpecification\",\"valueRequired\":true,\"valueName\":\"search_term_string\"}}],\"inLanguage\":\"en-GB\"}]}<\/script>\n<!-- \/ Yoast SEO plugin. -->","yoast_head_json":{"title":"Kontakt - Weldgam","robots":{"index":"index","follow":"follow","max-snippet":"max-snippet:-1","max-image-preview":"max-image-preview:large","max-video-preview":"max-video-preview:-1"},"canonical":"https:\/\/weldgam.pl\/en\/kontakt\/","og_locale":"en_GB","og_type":"article","og_title":"Kontakt - Weldgam","og_description":"Otw\u00f3rz interaktywn\u0105 map\u0119","og_url":"https:\/\/weldgam.pl\/en\/kontakt\/","og_site_name":"Weldgam","article_modified_time":"2025-07-20T17:49:52+00:00","og_image":[{"url":"https:\/\/weldgam.pl\/wp-content\/uploads\/2025\/07\/marker.png","type":"","width":"","height":""}],"twitter_card":"summary_large_image","twitter_misc":{"Estimated reading time":"1 minute"},"schema":{"@context":"https:\/\/schema.org","@graph":[{"@type":"WebPage","@id":"https:\/\/weldgam.pl\/kontakt\/","url":"https:\/\/weldgam.pl\/kontakt\/","name":"Kontakt - Weldgam","isPartOf":{"@id":"https:\/\/weldgam.pl\/#website"},"primaryImageOfPage":{"@id":"https:\/\/weldgam.pl\/kontakt\/#primaryimage"},"image":{"@id":"https:\/\/weldgam.pl\/kontakt\/#primaryimage"},"thumbnailUrl":"https:\/\/weldgam.pl\/wp-content\/uploads\/2025\/07\/marker.png","datePublished":"2024-02-15T15:29:05+00:00","dateModified":"2025-07-20T17:49:52+00:00","breadcrumb":{"@id":"https:\/\/weldgam.pl\/kontakt\/#breadcrumb"},"inLanguage":"en-GB","potentialAction":[{"@type":"ReadAction","target":["https:\/\/weldgam.pl\/kontakt\/"]}]},{"@type":"ImageObject","inLanguage":"en-GB","@id":"https:\/\/weldgam.pl\/kontakt\/#primaryimage","url":"https:\/\/weldgam.pl\/wp-content\/uploads\/2025\/07\/marker.png","contentUrl":"https:\/\/weldgam.pl\/wp-content\/uploads\/2025\/07\/marker.png"},{"@type":"BreadcrumbList","@id":"https:\/\/weldgam.pl\/kontakt\/#breadcrumb","itemListElement":[{"@type":"ListItem","position":1,"name":"Strona g\u0142\u00f3wna","item":"https:\/\/weldgam.pl\/"},{"@type":"ListItem","position":2,"name":"Kontakt"}]},{"@type":"WebSite","@id":"https:\/\/weldgam.pl\/#website","url":"https:\/\/weldgam.pl\/","name":"Weldgam","description":"Spawanie konstrukcji stalowych i instalacji przemys\u0142owych \u2013 kompleksowa obs\u0142uga produkcji","potentialAction":[{"@type":"SearchAction","target":{"@type":"EntryPoint","urlTemplate":"https:\/\/weldgam.pl\/?s={search_term_string}"},"query-input":{"@type":"PropertyValueSpecification","valueRequired":true,"valueName":"search_term_string"}}],"inLanguage":"en-GB"}]}},"_links":{"self":[{"href":"https:\/\/weldgam.pl\/en\/wp-json\/wp\/v2\/pages\/3880","targetHints":{"allow":["GET"]}}],"collection":[{"href":"https:\/\/weldgam.pl\/en\/wp-json\/wp\/v2\/pages"}],"about":[{"href":"https:\/\/weldgam.pl\/en\/wp-json\/wp\/v2\/types\/page"}],"author":[{"embeddable":true,"href":"https:\/\/weldgam.pl\/en\/wp-json\/wp\/v2\/users\/1"}],"replies":[{"embeddable":true,"href":"https:\/\/weldgam.pl\/en\/wp-json\/wp\/v2\/comments?post=3880"}],"version-history":[{"count":33,"href":"https:\/\/weldgam.pl\/en\/wp-json\/wp\/v2\/pages\/3880\/revisions"}],"predecessor-version":[{"id":4717,"href":"https:\/\/weldgam.pl\/en\/wp-json\/wp\/v2\/pages\/3880\/revisions\/4717"}],"wp:attachment":[{"href":"https:\/\/weldgam.pl\/en\/wp-json\/wp\/v2\/media?parent=3880"}],"curies":[{"name":"wp","href":"https:\/\/api.w.org\/{rel}","templated":true}]}}